{"id":3482,"date":"2022-08-19T22:23:41","date_gmt":"2022-08-19T19:23:41","guid":{"rendered":"https:\/\/help-ka.ru\/market\/product\/lenovo-yoga-aio-7-27-amd-amd-ryzen-7-5800h-processor-3-20-ghz-up-to-4-40-ghz-windows-11-home-64-1-tb-ssd-m-2-2280-pcie-tlc\/"},"modified":"2022-09-04T11:43:27","modified_gmt":"2022-09-04T08:43:27","slug":"lenovo-yoga-aio-7-27-amd-amd-ryzen-7-5800h-processor-3-20-ghz-up-to-4-40-ghz-windows-11-home-64-1-tb-ssd-m-2-2280-pcie-tlc","status":"publish","type":"product","link":"https:\/\/help-ka.ru\/market\/product\/lenovo-yoga-aio-7-27-amd-amd-ryzen-7-5800h-processor-3-20-ghz-up-to-4-40-ghz-windows-11-home-64-1-tb-ssd-m-2-2280-pcie-tlc\/","title":{"rendered":"Lenovo Yoga AIO 7 (27&#8243; AMD) AMD Ryzen\u2122 7 5800H Processor (3.20 GHz up to 4.40 GHz)\/Windows 11 Home 64\/1 TB SSD M.2 2280 PCIe TLC"},"content":{"rendered":"<p>O Yoga AIO 7 (27&#8243; AMD) redefine o desktop inteligente ao expandir os limites e ao dar vida aos gr\u00e1ficos no primeiro ecr\u00e3 4K de 27&#8243; (68,58 cm) do mundo com a op\u00e7\u00e3o de 99% da gama crom\u00e1tica Adobe RGB e 99% do espa\u00e7o crom\u00e1tico DCI-P3. Utilize-o autonomamente ou ligue-o ao seu port\u00e1til via USB-C para carregar a sua bateria ao mesmo tempo que utiliza o teclado, rato, ecr\u00e3 e colunas do AIO para o port\u00e1til. Os dois dispositivos podem inclusivamente partilhar as respetivas unidades de armazenamento. Quando terminar de trabalhar, veja os conte\u00fados do telem\u00f3vel ou do tablet no ecr\u00e3 rotativo do AIO atrav\u00e9s da transmiss\u00e3o sem fios.<\/p>\n","protected":false},"excerpt":{"rendered":"<p>O Yoga AIO 7 (27&#8243; AMD) redefine o desktop inteligente ao expandir os limites e ao dar vida aos gr\u00e1ficos no primeiro ecr\u00e3 4K de 27&#8243; (68,58 cm) do mundo com a op\u00e7\u00e3o de 99% da gama crom\u00e1tica Adobe RGB e 99% do espa\u00e7o crom\u00e1tico DCI-P3. Utilize-o autonomamente ou ligue-o ao seu port\u00e1til via USB-C &#8230;<a class=\"r_more_blog\" href=\"https:\/\/help-ka.ru\/market\/product\/lenovo-yoga-aio-7-27-amd-amd-ryzen-7-5800h-processor-3-20-ghz-up-to-4-40-ghz-windows-11-home-64-1-tb-ssd-m-2-2280-pcie-tlc\/#more-3482\"><i class=\"fa fa-sign-in\"><\/i> read more<\/a><\/p>\n","protected":false},"featured_media":3481,"comment_status":"open","ping_status":"closed","template":"","meta":[],"product_cat":[15,133],"product_tag":[],"class_list":{"0":"post-3482","1":"product","2":"type-product","3":"status-publish","4":"has-post-thumbnail","6":"product_cat-misc","7":"product_cat-czifrovaya-tehnika","9":"first","10":"instock","11":"sale","12":"shipping-taxable","13":"product-type-external"},"yoast_head":"<!-- This site is optimized with the Yoast SEO Premium plugin v19.3 (Yoast SEO v20.7) - https:\/\/yoast.com\/wordpress\/plugins\/seo\/ -->\n<title>Lenovo Yoga AIO 7 (27&quot; AMD) AMD Ryzen\u2122 7 5800H Processor (3.20 GHz up to 4.40 GHz)\/Windows 11 Home 64\/1 TB SSD M.2 2280 PCIe TLC - Market<\/title>\n<meta name=\"robots\" content=\"index, follow, max-snippet:-1, max-image-preview:large, max-video-preview:-1\" \/>\n<link rel=\"canonical\" href=\"https:\/\/help-ka.ru\/market\/product\/lenovo-yoga-aio-7-27-amd-amd-ryzen-7-5800h-processor-3-20-ghz-up-to-4-40-ghz-windows-11-home-64-1-tb-ssd-m-2-2280-pcie-tlc\/\" \/>\n<meta property=\"og:locale\" content=\"ru_RU\" \/>\n<meta property=\"og:type\" content=\"article\" \/>\n<meta property=\"og:title\" content=\"Lenovo Yoga AIO 7 (27&quot; AMD) AMD Ryzen\u2122 7 5800H Processor (3.20 GHz up to 4.40 GHz)\/Windows 11 Home 64\/1 TB SSD M.2 2280 PCIe TLC\" \/>\n<meta property=\"og:description\" content=\"O Yoga AIO 7 (27&#8243; AMD) redefine o desktop inteligente ao expandir os limites e ao dar vida aos gr\u00e1ficos no primeiro ecr\u00e3 4K de 27&#8243; (68,58 cm) do mundo com a op\u00e7\u00e3o de 99% da gama crom\u00e1tica Adobe RGB e 99% do espa\u00e7o crom\u00e1tico DCI-P3. Utilize-o autonomamente ou ligue-o ao seu port\u00e1til via USB-C ... read more\" \/>\n<meta property=\"og:url\" content=\"https:\/\/help-ka.ru\/market\/product\/lenovo-yoga-aio-7-27-amd-amd-ryzen-7-5800h-processor-3-20-ghz-up-to-4-40-ghz-windows-11-home-64-1-tb-ssd-m-2-2280-pcie-tlc\/\" \/>\n<meta property=\"og:site_name\" content=\"Market\" \/>\n<meta property=\"article:modified_time\" content=\"2022-09-04T08:43:27+00:00\" \/>\n<meta property=\"og:image\" content=\"https:\/\/help-ka.ru\/market\/wp-content\/uploads\/2022\/08\/download.png\" \/>\n\t<meta property=\"og:image:width\" content=\"725\" \/>\n\t<meta property=\"og:image:height\" content=\"515\" \/>\n\t<meta property=\"og:image:type\" content=\"image\/png\" \/>\n<meta name=\"twitter:card\" content=\"summary_large_image\" \/>\n<meta name=\"twitter:label1\" content=\"\u0426\u0435\u043d\u0430\" \/>\n\t<meta name=\"twitter:data1\" content=\"159,327.49&#8381;\" \/>\n\t<meta name=\"twitter:label2\" content=\"Availability\" \/>\n\t<meta name=\"twitter:data2\" content=\"In stock\" \/>\n<script type=\"application\/ld+json\" class=\"yoast-schema-graph\">{\"@context\":\"https:\/\/schema.org\",\"@graph\":[{\"@type\":\"WebPage\",\"@id\":\"https:\/\/help-ka.ru\/market\/product\/lenovo-yoga-aio-7-27-amd-amd-ryzen-7-5800h-processor-3-20-ghz-up-to-4-40-ghz-windows-11-home-64-1-tb-ssd-m-2-2280-pcie-tlc\/\",\"url\":\"https:\/\/help-ka.ru\/market\/product\/lenovo-yoga-aio-7-27-amd-amd-ryzen-7-5800h-processor-3-20-ghz-up-to-4-40-ghz-windows-11-home-64-1-tb-ssd-m-2-2280-pcie-tlc\/\",\"name\":\"Lenovo Yoga AIO 7 (27\\\" AMD) AMD Ryzen\u2122 7 5800H Processor (3.20 GHz up to 4.40 GHz)\/Windows 11 Home 64\/1 TB SSD M.2 2280 PCIe TLC - Market\",\"isPartOf\":{\"@id\":\"https:\/\/help-ka.ru\/market\/#website\"},\"datePublished\":\"2022-08-19T19:23:41+00:00\",\"dateModified\":\"2022-09-04T08:43:27+00:00\",\"breadcrumb\":{\"@id\":\"https:\/\/help-ka.ru\/market\/product\/lenovo-yoga-aio-7-27-amd-amd-ryzen-7-5800h-processor-3-20-ghz-up-to-4-40-ghz-windows-11-home-64-1-tb-ssd-m-2-2280-pcie-tlc\/#breadcrumb\"},\"inLanguage\":\"ru-RU\",\"potentialAction\":[{\"@type\":\"ReadAction\",\"target\":[\"https:\/\/help-ka.ru\/market\/product\/lenovo-yoga-aio-7-27-amd-amd-ryzen-7-5800h-processor-3-20-ghz-up-to-4-40-ghz-windows-11-home-64-1-tb-ssd-m-2-2280-pcie-tlc\/\"]}]},{\"@type\":\"BreadcrumbList\",\"@id\":\"https:\/\/help-ka.ru\/market\/product\/lenovo-yoga-aio-7-27-amd-amd-ryzen-7-5800h-processor-3-20-ghz-up-to-4-40-ghz-windows-11-home-64-1-tb-ssd-m-2-2280-pcie-tlc\/#breadcrumb\",\"itemListElement\":[{\"@type\":\"ListItem\",\"position\":1,\"name\":\"\u0413\u043b\u0430\u0432\u043d\u0430\u044f \u0441\u0442\u0440\u0430\u043d\u0438\u0446\u0430\",\"item\":\"https:\/\/help-ka.ru\/market\/\"},{\"@type\":\"ListItem\",\"position\":2,\"name\":\"\u0412\u0438\u0442\u0440\u0438\u043d\u0430 \u043c\u0430\u0433\u0430\u0437\u0438\u043d\u0430\",\"item\":\"https:\/\/help-ka.ru\/market\/\"},{\"@type\":\"ListItem\",\"position\":3,\"name\":\"Lenovo Yoga AIO 7 (27&#8243; AMD) AMD Ryzen\u2122 7 5800H Processor (3.20 GHz up to 4.40 GHz)\/Windows 11 Home 64\/1 TB SSD M.2 2280 PCIe TLC\"}]},{\"@type\":\"WebSite\",\"@id\":\"https:\/\/help-ka.ru\/market\/#website\",\"url\":\"https:\/\/help-ka.ru\/market\/\",\"name\":\"Market\",\"description\":\"\u041c\u0430\u0440\u043a\u0435\u0442\u043f\u043b\u0435\u0439\u0441 \u043e\u0442 Help-ka.ru\",\"publisher\":{\"@id\":\"https:\/\/help-ka.ru\/market\/#organization\"},\"potentialAction\":[{\"@type\":\"SearchAction\",\"target\":{\"@type\":\"EntryPoint\",\"urlTemplate\":\"https:\/\/help-ka.ru\/market\/?s={search_term_string}\"},\"query-input\":\"required name=search_term_string\"}],\"inLanguage\":\"ru-RU\"},{\"@type\":[\"Organization\",\"Place\"],\"@id\":\"https:\/\/help-ka.ru\/market\/#organization\",\"name\":\"H-Market\",\"alternateName\":\"Help'ka - \u041c\u0430\u0440\u043a\u0435\u0442\",\"url\":\"https:\/\/help-ka.ru\/market\/\",\"logo\":{\"@id\":\"https:\/\/help-ka.ru\/market\/product\/lenovo-yoga-aio-7-27-amd-amd-ryzen-7-5800h-processor-3-20-ghz-up-to-4-40-ghz-windows-11-home-64-1-tb-ssd-m-2-2280-pcie-tlc\/#local-main-organization-logo\"},\"image\":{\"@id\":\"https:\/\/help-ka.ru\/market\/product\/lenovo-yoga-aio-7-27-amd-amd-ryzen-7-5800h-processor-3-20-ghz-up-to-4-40-ghz-windows-11-home-64-1-tb-ssd-m-2-2280-pcie-tlc\/#local-main-organization-logo\"},\"sameAs\":[\"https:\/\/ok.ru\/group\/57994361110723\",\"https:\/\/vk.com\/all_russian_portal_helpka\"],\"openingHoursSpecification\":[{\"@type\":\"OpeningHoursSpecification\",\"dayOfWeek\":[\"Monday\",\"Tuesday\",\"Wednesday\",\"Thursday\",\"Friday\",\"Saturday\",\"Sunday\"],\"opens\":\"09:00\",\"closes\":\"17:00\"}]},{\"@type\":\"ImageObject\",\"inLanguage\":\"ru-RU\",\"@id\":\"https:\/\/help-ka.ru\/market\/product\/lenovo-yoga-aio-7-27-amd-amd-ryzen-7-5800h-processor-3-20-ghz-up-to-4-40-ghz-windows-11-home-64-1-tb-ssd-m-2-2280-pcie-tlc\/#local-main-organization-logo\",\"url\":\"https:\/\/help-ka.ru\/market\/wp-content\/uploads\/2022\/09\/h-market555.png\",\"contentUrl\":\"https:\/\/help-ka.ru\/market\/wp-content\/uploads\/2022\/09\/h-market555.png\",\"width\":154,\"height\":60,\"caption\":\"H-Market\"}]}<\/script>\n<meta property=\"product:price:amount\" content=\"159327.49\" \/>\n<meta property=\"product:price:currency\" content=\"RUB\" \/>\n<meta property=\"og:availability\" content=\"instock\" \/>\n<meta property=\"product:availability\" content=\"instock\" \/>\n<meta property=\"product:condition\" content=\"new\" \/>\n<!-- \/ Yoast SEO Premium plugin. -->","yoast_head_json":{"title":"Lenovo Yoga AIO 7 (27\" AMD) AMD Ryzen\u2122 7 5800H Processor (3.20 GHz up to 4.40 GHz)\/Windows 11 Home 64\/1 TB SSD M.2 2280 PCIe TLC - Market","robots":{"index":"index","follow":"follow","max-snippet":"max-snippet:-1","max-image-preview":"max-image-preview:large","max-video-preview":"max-video-preview:-1"},"canonical":"https:\/\/help-ka.ru\/market\/product\/lenovo-yoga-aio-7-27-amd-amd-ryzen-7-5800h-processor-3-20-ghz-up-to-4-40-ghz-windows-11-home-64-1-tb-ssd-m-2-2280-pcie-tlc\/","og_locale":"ru_RU","og_type":"article","og_title":"Lenovo Yoga AIO 7 (27\" AMD) AMD Ryzen\u2122 7 5800H Processor (3.20 GHz up to 4.40 GHz)\/Windows 11 Home 64\/1 TB SSD M.2 2280 PCIe TLC","og_description":"O Yoga AIO 7 (27&#8243; AMD) redefine o desktop inteligente ao expandir os limites e ao dar vida aos gr\u00e1ficos no primeiro ecr\u00e3 4K de 27&#8243; (68,58 cm) do mundo com a op\u00e7\u00e3o de 99% da gama crom\u00e1tica Adobe RGB e 99% do espa\u00e7o crom\u00e1tico DCI-P3. Utilize-o autonomamente ou ligue-o ao seu port\u00e1til via USB-C ... read more","og_url":"https:\/\/help-ka.ru\/market\/product\/lenovo-yoga-aio-7-27-amd-amd-ryzen-7-5800h-processor-3-20-ghz-up-to-4-40-ghz-windows-11-home-64-1-tb-ssd-m-2-2280-pcie-tlc\/","og_site_name":"Market","article_modified_time":"2022-09-04T08:43:27+00:00","og_image":[{"width":725,"height":515,"url":"https:\/\/help-ka.ru\/market\/wp-content\/uploads\/2022\/08\/download.png","type":"image\/png"}],"twitter_card":"summary_large_image","twitter_misc":{"\u0426\u0435\u043d\u0430":"159,327.49&#8381;","Availability":"In stock"},"schema":{"@context":"https:\/\/schema.org","@graph":[{"@type":"WebPage","@id":"https:\/\/help-ka.ru\/market\/product\/lenovo-yoga-aio-7-27-amd-amd-ryzen-7-5800h-processor-3-20-ghz-up-to-4-40-ghz-windows-11-home-64-1-tb-ssd-m-2-2280-pcie-tlc\/","url":"https:\/\/help-ka.ru\/market\/product\/lenovo-yoga-aio-7-27-amd-amd-ryzen-7-5800h-processor-3-20-ghz-up-to-4-40-ghz-windows-11-home-64-1-tb-ssd-m-2-2280-pcie-tlc\/","name":"Lenovo Yoga AIO 7 (27\" AMD) AMD Ryzen\u2122 7 5800H Processor (3.20 GHz up to 4.40 GHz)\/Windows 11 Home 64\/1 TB SSD M.2 2280 PCIe TLC - Market","isPartOf":{"@id":"https:\/\/help-ka.ru\/market\/#website"},"datePublished":"2022-08-19T19:23:41+00:00","dateModified":"2022-09-04T08:43:27+00:00","breadcrumb":{"@id":"https:\/\/help-ka.ru\/market\/product\/lenovo-yoga-aio-7-27-amd-amd-ryzen-7-5800h-processor-3-20-ghz-up-to-4-40-ghz-windows-11-home-64-1-tb-ssd-m-2-2280-pcie-tlc\/#breadcrumb"},"inLanguage":"ru-RU","potentialAction":[{"@type":"ReadAction","target":["https:\/\/help-ka.ru\/market\/product\/lenovo-yoga-aio-7-27-amd-amd-ryzen-7-5800h-processor-3-20-ghz-up-to-4-40-ghz-windows-11-home-64-1-tb-ssd-m-2-2280-pcie-tlc\/"]}]},{"@type":"BreadcrumbList","@id":"https:\/\/help-ka.ru\/market\/product\/lenovo-yoga-aio-7-27-amd-amd-ryzen-7-5800h-processor-3-20-ghz-up-to-4-40-ghz-windows-11-home-64-1-tb-ssd-m-2-2280-pcie-tlc\/#breadcrumb","itemListElement":[{"@type":"ListItem","position":1,"name":"\u0413\u043b\u0430\u0432\u043d\u0430\u044f \u0441\u0442\u0440\u0430\u043d\u0438\u0446\u0430","item":"https:\/\/help-ka.ru\/market\/"},{"@type":"ListItem","position":2,"name":"\u0412\u0438\u0442\u0440\u0438\u043d\u0430 \u043c\u0430\u0433\u0430\u0437\u0438\u043d\u0430","item":"https:\/\/help-ka.ru\/market\/"},{"@type":"ListItem","position":3,"name":"Lenovo Yoga AIO 7 (27&#8243; AMD) AMD Ryzen\u2122 7 5800H Processor (3.20 GHz up to 4.40 GHz)\/Windows 11 Home 64\/1 TB SSD M.2 2280 PCIe TLC"}]},{"@type":"WebSite","@id":"https:\/\/help-ka.ru\/market\/#website","url":"https:\/\/help-ka.ru\/market\/","name":"Market","description":"\u041c\u0430\u0440\u043a\u0435\u0442\u043f\u043b\u0435\u0439\u0441 \u043e\u0442 Help-ka.ru","publisher":{"@id":"https:\/\/help-ka.ru\/market\/#organization"},"potentialAction":[{"@type":"SearchAction","target":{"@type":"EntryPoint","urlTemplate":"https:\/\/help-ka.ru\/market\/?s={search_term_string}"},"query-input":"required name=search_term_string"}],"inLanguage":"ru-RU"},{"@type":["Organization","Place"],"@id":"https:\/\/help-ka.ru\/market\/#organization","name":"H-Market","alternateName":"Help'ka - \u041c\u0430\u0440\u043a\u0435\u0442","url":"https:\/\/help-ka.ru\/market\/","logo":{"@id":"https:\/\/help-ka.ru\/market\/product\/lenovo-yoga-aio-7-27-amd-amd-ryzen-7-5800h-processor-3-20-ghz-up-to-4-40-ghz-windows-11-home-64-1-tb-ssd-m-2-2280-pcie-tlc\/#local-main-organization-logo"},"image":{"@id":"https:\/\/help-ka.ru\/market\/product\/lenovo-yoga-aio-7-27-amd-amd-ryzen-7-5800h-processor-3-20-ghz-up-to-4-40-ghz-windows-11-home-64-1-tb-ssd-m-2-2280-pcie-tlc\/#local-main-organization-logo"},"sameAs":["https:\/\/ok.ru\/group\/57994361110723","https:\/\/vk.com\/all_russian_portal_helpka"],"openingHoursSpecification":[{"@type":"OpeningHoursSpecification","dayOfWeek":["Monday","Tuesday","Wednesday","Thursday","Friday","Saturday","Sunday"],"opens":"09:00","closes":"17:00"}]},{"@type":"ImageObject","inLanguage":"ru-RU","@id":"https:\/\/help-ka.ru\/market\/product\/lenovo-yoga-aio-7-27-amd-amd-ryzen-7-5800h-processor-3-20-ghz-up-to-4-40-ghz-windows-11-home-64-1-tb-ssd-m-2-2280-pcie-tlc\/#local-main-organization-logo","url":"https:\/\/help-ka.ru\/market\/wp-content\/uploads\/2022\/09\/h-market555.png","contentUrl":"https:\/\/help-ka.ru\/market\/wp-content\/uploads\/2022\/09\/h-market555.png","width":154,"height":60,"caption":"H-Market"}]},"product_price_amount":"159327.49","product_price_currency":"RUB","og_availability":"instock","product_availability":"instock","product_condition":"new"},"_links":{"self":[{"href":"https:\/\/help-ka.ru\/market\/wp-json\/wp\/v2\/product\/3482","targetHints":{"allow":["GET"]}}],"collection":[{"href":"https:\/\/help-ka.ru\/market\/wp-json\/wp\/v2\/product"}],"about":[{"href":"https:\/\/help-ka.ru\/market\/wp-json\/wp\/v2\/types\/product"}],"replies":[{"embeddable":true,"href":"https:\/\/help-ka.ru\/market\/wp-json\/wp\/v2\/comments?post=3482"}],"wp:featuredmedia":[{"embeddable":true,"href":"https:\/\/help-ka.ru\/market\/wp-json\/wp\/v2\/media\/3481"}],"wp:attachment":[{"href":"https:\/\/help-ka.ru\/market\/wp-json\/wp\/v2\/media?parent=3482"}],"wp:term":[{"taxonomy":"product_cat","embeddable":true,"href":"https:\/\/help-ka.ru\/market\/wp-json\/wp\/v2\/product_cat?post=3482"},{"taxonomy":"product_tag","embeddable":true,"href":"https:\/\/help-ka.ru\/market\/wp-json\/wp\/v2\/product_tag?post=3482"}],"curies":[{"name":"wp","href":"https:\/\/api.w.org\/{rel}","templated":true}]}}