{"id":3475,"date":"2022-08-19T22:23:39","date_gmt":"2022-08-19T19:23:39","guid":{"rendered":"https:\/\/help-ka.ru\/market\/product\/lenovo-ideacentre-aio-3i-gen-7-24-intel-12th-generation-intel-core-i3-1220p-processor-e-cores-up-to-3-30-ghz-p-cores-up-to-4-40-ghz-no-operating-system-512-gb-ssd-m-2-2280-pcie-gen\/"},"modified":"2022-09-04T11:43:26","modified_gmt":"2022-09-04T08:43:26","slug":"lenovo-ideacentre-aio-3i-gen-7-24-intel-12th-generation-intel-core-i3-1220p-processor-e-cores-up-to-3-30-ghz-p-cores-up-to-4-40-ghz-no-operating-system-512-gb-ssd-m-2-2280-pcie-gen","status":"publish","type":"product","link":"https:\/\/help-ka.ru\/market\/product\/lenovo-ideacentre-aio-3i-gen-7-24-intel-12th-generation-intel-core-i3-1220p-processor-e-cores-up-to-3-30-ghz-p-cores-up-to-4-40-ghz-no-operating-system-512-gb-ssd-m-2-2280-pcie-gen\/","title":{"rendered":"Lenovo IdeaCentre AIO 3i Gen 7 (24&#8243; Intel) 12th Generation Intel\u00ae Core\u2122 i3-1220P Processor (E-cores up to 3.30 GHz P-cores up to 4.40 GHz)\/No Operating System\/512 GB SSD M.2 2280 PCIe Gen4 TLC"},"content":{"rendered":"<p>PC All-in-one de 23,8&#8243; (60,45 cm) equipado com processadores Intel\u00ae Core\u2122 de 12.\u00aa gera\u00e7\u00e3o V\u00edvido ecr\u00e3 IPS Full HD com placa gr\u00e1fica discreta NVIDIA\u00ae GeForce\u00ae opcional Som envolvente com um sistema de colunas com certifica\u00e7\u00e3o Harman Kardon\u00ae C\u00e2mara Web de alta resolu\u00e7\u00e3o co sensor infravermelhos integrado opcional para iniciar sess\u00e3o por reconhecimento facial e confer\u00eancias Web Design premeditado que ajuda a manter a sua \u00e1rea de trabalho organizada<\/p>\n","protected":false},"excerpt":{"rendered":"<p>PC All-in-one de 23,8&#8243; (60,45 cm) equipado com processadores Intel\u00ae Core\u2122 de 12.\u00aa gera\u00e7\u00e3o V\u00edvido ecr\u00e3 IPS Full HD com placa gr\u00e1fica discreta NVIDIA\u00ae GeForce\u00ae opcional Som envolvente com um sistema de colunas com certifica\u00e7\u00e3o Harman Kardon\u00ae C\u00e2mara Web de alta resolu\u00e7\u00e3o co sensor infravermelhos integrado opcional para iniciar sess\u00e3o por reconhecimento facial e confer\u00eancias &#8230;<a class=\"r_more_blog\" href=\"https:\/\/help-ka.ru\/market\/product\/lenovo-ideacentre-aio-3i-gen-7-24-intel-12th-generation-intel-core-i3-1220p-processor-e-cores-up-to-3-30-ghz-p-cores-up-to-4-40-ghz-no-operating-system-512-gb-ssd-m-2-2280-pcie-gen\/#more-3475\"><i class=\"fa fa-sign-in\"><\/i> read more<\/a><\/p>\n","protected":false},"featured_media":3474,"comment_status":"open","ping_status":"closed","template":"","meta":[],"product_cat":[15,133],"product_tag":[],"class_list":{"0":"post-3475","1":"product","2":"type-product","3":"status-publish","4":"has-post-thumbnail","6":"product_cat-misc","7":"product_cat-czifrovaya-tehnika","9":"first","10":"instock","11":"sale","12":"shipping-taxable","13":"product-type-external"},"yoast_head":"<!-- This site is optimized with the Yoast SEO Premium plugin v19.3 (Yoast SEO v20.7) - https:\/\/yoast.com\/wordpress\/plugins\/seo\/ -->\n<title>Lenovo IdeaCentre AIO 3i Gen 7 (24&quot; Intel) 12th Generation Intel\u00ae Core\u2122 i3-1220P Processor (E-cores up to 3.30 GHz P-cores up to 4.40 GHz)\/No Operating System\/512 GB SSD M.2 2280 PCIe Gen4 TLC - Market<\/title>\n<meta name=\"robots\" content=\"index, follow, max-snippet:-1, max-image-preview:large, max-video-preview:-1\" \/>\n<link rel=\"canonical\" href=\"https:\/\/help-ka.ru\/market\/product\/lenovo-ideacentre-aio-3i-gen-7-24-intel-12th-generation-intel-core-i3-1220p-processor-e-cores-up-to-3-30-ghz-p-cores-up-to-4-40-ghz-no-operating-system-512-gb-ssd-m-2-2280-pcie-gen\/\" \/>\n<meta property=\"og:locale\" content=\"ru_RU\" \/>\n<meta property=\"og:type\" content=\"article\" \/>\n<meta property=\"og:title\" content=\"Lenovo IdeaCentre AIO 3i Gen 7 (24&quot; Intel) 12th Generation Intel\u00ae Core\u2122 i3-1220P Processor (E-cores up to 3.30 GHz P-cores up to 4.40 GHz)\/No Operating System\/512 GB SSD M.2 2280 PCIe Gen4 TLC\" \/>\n<meta property=\"og:description\" content=\"PC All-in-one de 23,8&#8243; (60,45 cm) equipado com processadores Intel\u00ae Core\u2122 de 12.\u00aa gera\u00e7\u00e3o V\u00edvido ecr\u00e3 IPS Full HD com placa gr\u00e1fica discreta NVIDIA\u00ae GeForce\u00ae opcional Som envolvente com um sistema de colunas com certifica\u00e7\u00e3o Harman Kardon\u00ae C\u00e2mara Web de alta resolu\u00e7\u00e3o co sensor infravermelhos integrado opcional para iniciar sess\u00e3o por reconhecimento facial e confer\u00eancias ... read more\" \/>\n<meta property=\"og:url\" content=\"https:\/\/help-ka.ru\/market\/product\/lenovo-ideacentre-aio-3i-gen-7-24-intel-12th-generation-intel-core-i3-1220p-processor-e-cores-up-to-3-30-ghz-p-cores-up-to-4-40-ghz-no-operating-system-512-gb-ssd-m-2-2280-pcie-gen\/\" \/>\n<meta property=\"og:site_name\" content=\"Market\" \/>\n<meta property=\"article:modified_time\" content=\"2022-09-04T08:43:26+00:00\" \/>\n<meta property=\"og:image\" content=\"https:\/\/help-ka.ru\/market\/wp-content\/uploads\/2022\/08\/lenovo-desktop-ideacentre-aio-3i-gen-7-24-hero.png\" \/>\n\t<meta property=\"og:image:width\" content=\"725\" \/>\n\t<meta property=\"og:image:height\" content=\"515\" \/>\n\t<meta property=\"og:image:type\" content=\"image\/png\" \/>\n<meta name=\"twitter:card\" content=\"summary_large_image\" \/>\n<meta name=\"twitter:label1\" content=\"\u0426\u0435\u043d\u0430\" \/>\n\t<meta name=\"twitter:data1\" content=\"62,676.91&#8381;\" \/>\n\t<meta name=\"twitter:label2\" content=\"Availability\" \/>\n\t<meta name=\"twitter:data2\" content=\"In stock\" \/>\n<script type=\"application\/ld+json\" class=\"yoast-schema-graph\">{\"@context\":\"https:\/\/schema.org\",\"@graph\":[{\"@type\":\"WebPage\",\"@id\":\"https:\/\/help-ka.ru\/market\/product\/lenovo-ideacentre-aio-3i-gen-7-24-intel-12th-generation-intel-core-i3-1220p-processor-e-cores-up-to-3-30-ghz-p-cores-up-to-4-40-ghz-no-operating-system-512-gb-ssd-m-2-2280-pcie-gen\/\",\"url\":\"https:\/\/help-ka.ru\/market\/product\/lenovo-ideacentre-aio-3i-gen-7-24-intel-12th-generation-intel-core-i3-1220p-processor-e-cores-up-to-3-30-ghz-p-cores-up-to-4-40-ghz-no-operating-system-512-gb-ssd-m-2-2280-pcie-gen\/\",\"name\":\"Lenovo IdeaCentre AIO 3i Gen 7 (24\\\" Intel) 12th Generation Intel\u00ae Core\u2122 i3-1220P Processor (E-cores up to 3.30 GHz P-cores up to 4.40 GHz)\/No Operating System\/512 GB SSD M.2 2280 PCIe Gen4 TLC - Market\",\"isPartOf\":{\"@id\":\"https:\/\/help-ka.ru\/market\/#website\"},\"datePublished\":\"2022-08-19T19:23:39+00:00\",\"dateModified\":\"2022-09-04T08:43:26+00:00\",\"breadcrumb\":{\"@id\":\"https:\/\/help-ka.ru\/market\/product\/lenovo-ideacentre-aio-3i-gen-7-24-intel-12th-generation-intel-core-i3-1220p-processor-e-cores-up-to-3-30-ghz-p-cores-up-to-4-40-ghz-no-operating-system-512-gb-ssd-m-2-2280-pcie-gen\/#breadcrumb\"},\"inLanguage\":\"ru-RU\",\"potentialAction\":[{\"@type\":\"ReadAction\",\"target\":[\"https:\/\/help-ka.ru\/market\/product\/lenovo-ideacentre-aio-3i-gen-7-24-intel-12th-generation-intel-core-i3-1220p-processor-e-cores-up-to-3-30-ghz-p-cores-up-to-4-40-ghz-no-operating-system-512-gb-ssd-m-2-2280-pcie-gen\/\"]}]},{\"@type\":\"BreadcrumbList\",\"@id\":\"https:\/\/help-ka.ru\/market\/product\/lenovo-ideacentre-aio-3i-gen-7-24-intel-12th-generation-intel-core-i3-1220p-processor-e-cores-up-to-3-30-ghz-p-cores-up-to-4-40-ghz-no-operating-system-512-gb-ssd-m-2-2280-pcie-gen\/#breadcrumb\",\"itemListElement\":[{\"@type\":\"ListItem\",\"position\":1,\"name\":\"\u0413\u043b\u0430\u0432\u043d\u0430\u044f \u0441\u0442\u0440\u0430\u043d\u0438\u0446\u0430\",\"item\":\"https:\/\/help-ka.ru\/market\/\"},{\"@type\":\"ListItem\",\"position\":2,\"name\":\"\u0412\u0438\u0442\u0440\u0438\u043d\u0430 \u043c\u0430\u0433\u0430\u0437\u0438\u043d\u0430\",\"item\":\"https:\/\/help-ka.ru\/market\/\"},{\"@type\":\"ListItem\",\"position\":3,\"name\":\"Lenovo IdeaCentre AIO 3i Gen 7 (24&#8243; Intel) 12th Generation Intel\u00ae Core\u2122 i3-1220P Processor (E-cores up to 3.30 GHz P-cores up to 4.40 GHz)\/No Operating System\/512 GB SSD M.2 2280 PCIe Gen4 TLC\"}]},{\"@type\":\"WebSite\",\"@id\":\"https:\/\/help-ka.ru\/market\/#website\",\"url\":\"https:\/\/help-ka.ru\/market\/\",\"name\":\"Market\",\"description\":\"\u041c\u0430\u0440\u043a\u0435\u0442\u043f\u043b\u0435\u0439\u0441 \u043e\u0442 Help-ka.ru\",\"publisher\":{\"@id\":\"https:\/\/help-ka.ru\/market\/#organization\"},\"potentialAction\":[{\"@type\":\"SearchAction\",\"target\":{\"@type\":\"EntryPoint\",\"urlTemplate\":\"https:\/\/help-ka.ru\/market\/?s={search_term_string}\"},\"query-input\":\"required name=search_term_string\"}],\"inLanguage\":\"ru-RU\"},{\"@type\":[\"Organization\",\"Place\"],\"@id\":\"https:\/\/help-ka.ru\/market\/#organization\",\"name\":\"H-Market\",\"alternateName\":\"Help'ka - \u041c\u0430\u0440\u043a\u0435\u0442\",\"url\":\"https:\/\/help-ka.ru\/market\/\",\"logo\":{\"@id\":\"https:\/\/help-ka.ru\/market\/product\/lenovo-ideacentre-aio-3i-gen-7-24-intel-12th-generation-intel-core-i3-1220p-processor-e-cores-up-to-3-30-ghz-p-cores-up-to-4-40-ghz-no-operating-system-512-gb-ssd-m-2-2280-pcie-gen\/#local-main-organization-logo\"},\"image\":{\"@id\":\"https:\/\/help-ka.ru\/market\/product\/lenovo-ideacentre-aio-3i-gen-7-24-intel-12th-generation-intel-core-i3-1220p-processor-e-cores-up-to-3-30-ghz-p-cores-up-to-4-40-ghz-no-operating-system-512-gb-ssd-m-2-2280-pcie-gen\/#local-main-organization-logo\"},\"sameAs\":[\"https:\/\/ok.ru\/group\/57994361110723\",\"https:\/\/vk.com\/all_russian_portal_helpka\"],\"openingHoursSpecification\":[{\"@type\":\"OpeningHoursSpecification\",\"dayOfWeek\":[\"Monday\",\"Tuesday\",\"Wednesday\",\"Thursday\",\"Friday\",\"Saturday\",\"Sunday\"],\"opens\":\"09:00\",\"closes\":\"17:00\"}]},{\"@type\":\"ImageObject\",\"inLanguage\":\"ru-RU\",\"@id\":\"https:\/\/help-ka.ru\/market\/product\/lenovo-ideacentre-aio-3i-gen-7-24-intel-12th-generation-intel-core-i3-1220p-processor-e-cores-up-to-3-30-ghz-p-cores-up-to-4-40-ghz-no-operating-system-512-gb-ssd-m-2-2280-pcie-gen\/#local-main-organization-logo\",\"url\":\"https:\/\/help-ka.ru\/market\/wp-content\/uploads\/2022\/09\/h-market555.png\",\"contentUrl\":\"https:\/\/help-ka.ru\/market\/wp-content\/uploads\/2022\/09\/h-market555.png\",\"width\":154,\"height\":60,\"caption\":\"H-Market\"}]}<\/script>\n<meta property=\"product:price:amount\" content=\"62676.91\" \/>\n<meta property=\"product:price:currency\" content=\"RUB\" \/>\n<meta property=\"og:availability\" content=\"instock\" \/>\n<meta property=\"product:availability\" content=\"instock\" \/>\n<meta property=\"product:condition\" content=\"new\" \/>\n<!-- \/ Yoast SEO Premium plugin. -->","yoast_head_json":{"title":"Lenovo IdeaCentre AIO 3i Gen 7 (24\" Intel) 12th Generation Intel\u00ae Core\u2122 i3-1220P Processor (E-cores up to 3.30 GHz P-cores up to 4.40 GHz)\/No Operating System\/512 GB SSD M.2 2280 PCIe Gen4 TLC - Market","robots":{"index":"index","follow":"follow","max-snippet":"max-snippet:-1","max-image-preview":"max-image-preview:large","max-video-preview":"max-video-preview:-1"},"canonical":"https:\/\/help-ka.ru\/market\/product\/lenovo-ideacentre-aio-3i-gen-7-24-intel-12th-generation-intel-core-i3-1220p-processor-e-cores-up-to-3-30-ghz-p-cores-up-to-4-40-ghz-no-operating-system-512-gb-ssd-m-2-2280-pcie-gen\/","og_locale":"ru_RU","og_type":"article","og_title":"Lenovo IdeaCentre AIO 3i Gen 7 (24\" Intel) 12th Generation Intel\u00ae Core\u2122 i3-1220P Processor (E-cores up to 3.30 GHz P-cores up to 4.40 GHz)\/No Operating System\/512 GB SSD M.2 2280 PCIe Gen4 TLC","og_description":"PC All-in-one de 23,8&#8243; (60,45 cm) equipado com processadores Intel\u00ae Core\u2122 de 12.\u00aa gera\u00e7\u00e3o V\u00edvido ecr\u00e3 IPS Full HD com placa gr\u00e1fica discreta NVIDIA\u00ae GeForce\u00ae opcional Som envolvente com um sistema de colunas com certifica\u00e7\u00e3o Harman Kardon\u00ae C\u00e2mara Web de alta resolu\u00e7\u00e3o co sensor infravermelhos integrado opcional para iniciar sess\u00e3o por reconhecimento facial e confer\u00eancias ... read more","og_url":"https:\/\/help-ka.ru\/market\/product\/lenovo-ideacentre-aio-3i-gen-7-24-intel-12th-generation-intel-core-i3-1220p-processor-e-cores-up-to-3-30-ghz-p-cores-up-to-4-40-ghz-no-operating-system-512-gb-ssd-m-2-2280-pcie-gen\/","og_site_name":"Market","article_modified_time":"2022-09-04T08:43:26+00:00","og_image":[{"width":725,"height":515,"url":"https:\/\/help-ka.ru\/market\/wp-content\/uploads\/2022\/08\/lenovo-desktop-ideacentre-aio-3i-gen-7-24-hero.png","type":"image\/png"}],"twitter_card":"summary_large_image","twitter_misc":{"\u0426\u0435\u043d\u0430":"62,676.91&#8381;","Availability":"In stock"},"schema":{"@context":"https:\/\/schema.org","@graph":[{"@type":"WebPage","@id":"https:\/\/help-ka.ru\/market\/product\/lenovo-ideacentre-aio-3i-gen-7-24-intel-12th-generation-intel-core-i3-1220p-processor-e-cores-up-to-3-30-ghz-p-cores-up-to-4-40-ghz-no-operating-system-512-gb-ssd-m-2-2280-pcie-gen\/","url":"https:\/\/help-ka.ru\/market\/product\/lenovo-ideacentre-aio-3i-gen-7-24-intel-12th-generation-intel-core-i3-1220p-processor-e-cores-up-to-3-30-ghz-p-cores-up-to-4-40-ghz-no-operating-system-512-gb-ssd-m-2-2280-pcie-gen\/","name":"Lenovo IdeaCentre AIO 3i Gen 7 (24\" Intel) 12th Generation Intel\u00ae Core\u2122 i3-1220P Processor (E-cores up to 3.30 GHz P-cores up to 4.40 GHz)\/No Operating System\/512 GB SSD M.2 2280 PCIe Gen4 TLC - Market","isPartOf":{"@id":"https:\/\/help-ka.ru\/market\/#website"},"datePublished":"2022-08-19T19:23:39+00:00","dateModified":"2022-09-04T08:43:26+00:00","breadcrumb":{"@id":"https:\/\/help-ka.ru\/market\/product\/lenovo-ideacentre-aio-3i-gen-7-24-intel-12th-generation-intel-core-i3-1220p-processor-e-cores-up-to-3-30-ghz-p-cores-up-to-4-40-ghz-no-operating-system-512-gb-ssd-m-2-2280-pcie-gen\/#breadcrumb"},"inLanguage":"ru-RU","potentialAction":[{"@type":"ReadAction","target":["https:\/\/help-ka.ru\/market\/product\/lenovo-ideacentre-aio-3i-gen-7-24-intel-12th-generation-intel-core-i3-1220p-processor-e-cores-up-to-3-30-ghz-p-cores-up-to-4-40-ghz-no-operating-system-512-gb-ssd-m-2-2280-pcie-gen\/"]}]},{"@type":"BreadcrumbList","@id":"https:\/\/help-ka.ru\/market\/product\/lenovo-ideacentre-aio-3i-gen-7-24-intel-12th-generation-intel-core-i3-1220p-processor-e-cores-up-to-3-30-ghz-p-cores-up-to-4-40-ghz-no-operating-system-512-gb-ssd-m-2-2280-pcie-gen\/#breadcrumb","itemListElement":[{"@type":"ListItem","position":1,"name":"\u0413\u043b\u0430\u0432\u043d\u0430\u044f \u0441\u0442\u0440\u0430\u043d\u0438\u0446\u0430","item":"https:\/\/help-ka.ru\/market\/"},{"@type":"ListItem","position":2,"name":"\u0412\u0438\u0442\u0440\u0438\u043d\u0430 \u043c\u0430\u0433\u0430\u0437\u0438\u043d\u0430","item":"https:\/\/help-ka.ru\/market\/"},{"@type":"ListItem","position":3,"name":"Lenovo IdeaCentre AIO 3i Gen 7 (24&#8243; Intel) 12th Generation Intel\u00ae Core\u2122 i3-1220P Processor (E-cores up to 3.30 GHz P-cores up to 4.40 GHz)\/No Operating System\/512 GB SSD M.2 2280 PCIe Gen4 TLC"}]},{"@type":"WebSite","@id":"https:\/\/help-ka.ru\/market\/#website","url":"https:\/\/help-ka.ru\/market\/","name":"Market","description":"\u041c\u0430\u0440\u043a\u0435\u0442\u043f\u043b\u0435\u0439\u0441 \u043e\u0442 Help-ka.ru","publisher":{"@id":"https:\/\/help-ka.ru\/market\/#organization"},"potentialAction":[{"@type":"SearchAction","target":{"@type":"EntryPoint","urlTemplate":"https:\/\/help-ka.ru\/market\/?s={search_term_string}"},"query-input":"required name=search_term_string"}],"inLanguage":"ru-RU"},{"@type":["Organization","Place"],"@id":"https:\/\/help-ka.ru\/market\/#organization","name":"H-Market","alternateName":"Help'ka - \u041c\u0430\u0440\u043a\u0435\u0442","url":"https:\/\/help-ka.ru\/market\/","logo":{"@id":"https:\/\/help-ka.ru\/market\/product\/lenovo-ideacentre-aio-3i-gen-7-24-intel-12th-generation-intel-core-i3-1220p-processor-e-cores-up-to-3-30-ghz-p-cores-up-to-4-40-ghz-no-operating-system-512-gb-ssd-m-2-2280-pcie-gen\/#local-main-organization-logo"},"image":{"@id":"https:\/\/help-ka.ru\/market\/product\/lenovo-ideacentre-aio-3i-gen-7-24-intel-12th-generation-intel-core-i3-1220p-processor-e-cores-up-to-3-30-ghz-p-cores-up-to-4-40-ghz-no-operating-system-512-gb-ssd-m-2-2280-pcie-gen\/#local-main-organization-logo"},"sameAs":["https:\/\/ok.ru\/group\/57994361110723","https:\/\/vk.com\/all_russian_portal_helpka"],"openingHoursSpecification":[{"@type":"OpeningHoursSpecification","dayOfWeek":["Monday","Tuesday","Wednesday","Thursday","Friday","Saturday","Sunday"],"opens":"09:00","closes":"17:00"}]},{"@type":"ImageObject","inLanguage":"ru-RU","@id":"https:\/\/help-ka.ru\/market\/product\/lenovo-ideacentre-aio-3i-gen-7-24-intel-12th-generation-intel-core-i3-1220p-processor-e-cores-up-to-3-30-ghz-p-cores-up-to-4-40-ghz-no-operating-system-512-gb-ssd-m-2-2280-pcie-gen\/#local-main-organization-logo","url":"https:\/\/help-ka.ru\/market\/wp-content\/uploads\/2022\/09\/h-market555.png","contentUrl":"https:\/\/help-ka.ru\/market\/wp-content\/uploads\/2022\/09\/h-market555.png","width":154,"height":60,"caption":"H-Market"}]},"product_price_amount":"62676.91","product_price_currency":"RUB","og_availability":"instock","product_availability":"instock","product_condition":"new"},"_links":{"self":[{"href":"https:\/\/help-ka.ru\/market\/wp-json\/wp\/v2\/product\/3475","targetHints":{"allow":["GET"]}}],"collection":[{"href":"https:\/\/help-ka.ru\/market\/wp-json\/wp\/v2\/product"}],"about":[{"href":"https:\/\/help-ka.ru\/market\/wp-json\/wp\/v2\/types\/product"}],"replies":[{"embeddable":true,"href":"https:\/\/help-ka.ru\/market\/wp-json\/wp\/v2\/comments?post=3475"}],"wp:featuredmedia":[{"embeddable":true,"href":"https:\/\/help-ka.ru\/market\/wp-json\/wp\/v2\/media\/3474"}],"wp:attachment":[{"href":"https:\/\/help-ka.ru\/market\/wp-json\/wp\/v2\/media?parent=3475"}],"wp:term":[{"taxonomy":"product_cat","embeddable":true,"href":"https:\/\/help-ka.ru\/market\/wp-json\/wp\/v2\/product_cat?post=3475"},{"taxonomy":"product_tag","embeddable":true,"href":"https:\/\/help-ka.ru\/market\/wp-json\/wp\/v2\/product_tag?post=3475"}],"curies":[{"name":"wp","href":"https:\/\/api.w.org\/{rel}","templated":true}]}}