{"id":3309,"date":"2022-08-19T22:22:45","date_gmt":"2022-08-19T19:22:45","guid":{"rendered":"https:\/\/help-ka.ru\/market\/product\/lenovo-thinkpad-x1-carbon-gen-9-14-intel-processador-intel-core-i5-1135g7-de-11a-geracao-240-ghz-ate-420-ghz-windows-11-home-64-ssd-de-256-gb-m-2-2280-pcie-tlc-opal\/"},"modified":"2022-09-04T11:43:14","modified_gmt":"2022-09-04T08:43:14","slug":"lenovo-thinkpad-x1-carbon-gen-9-14-intel-processador-intel-core-i5-1135g7-de-11a-geracao-240-ghz-ate-420-ghz-windows-11-home-64-ssd-de-256-gb-m-2-2280-pcie-tlc-opal","status":"publish","type":"product","link":"https:\/\/help-ka.ru\/market\/product\/lenovo-thinkpad-x1-carbon-gen-9-14-intel-processador-intel-core-i5-1135g7-de-11a-geracao-240-ghz-ate-420-ghz-windows-11-home-64-ssd-de-256-gb-m-2-2280-pcie-tlc-opal\/","title":{"rendered":"Lenovo ThinkPad X1 Carbon Gen 9 (14&#8243; Intel) Processador Intel\u00ae Core\u2122 i5-1135G7 de 11\u00aa gera\u00e7\u00e3o (2,40 GHz at\u00e9 4,20 GHz)\/Windows 11 Home 64\/SSD de 256 GB M.2 2280 PCIe TLC Opal"},"content":{"rendered":"<p>O port\u00e1til ThinkPad X1 Carbon (9.\u00aa gera\u00e7\u00e3o) de 14&#8243; (35,56 cm) conta com uma s\u00e9rie de novas funcionalidades muito pr\u00e1ticas que melhoram a tecnologia e enriquecem a sua experi\u00eancia, ao mesmo tempo que mant\u00e9m um chassis ultrafino e ultraleve. Poder\u00e1 descobrir um impressionante ecr\u00e3 16:10, um TouchPad mais amplo, uma maior bateria para passar mais tempo longe das tomadas e ventila\u00e7\u00e3o posterior para melhorar a efici\u00eancia. Al\u00e9m disso, com a plataforma Intel\u00ae Evo\u00ae, obt\u00e9m um dispositivo super-reativo que est\u00e1 pronto sempre que dele precisa.<\/p>\n","protected":false},"excerpt":{"rendered":"<p>O port\u00e1til ThinkPad X1 Carbon (9.\u00aa gera\u00e7\u00e3o) de 14&#8243; (35,56 cm) conta com uma s\u00e9rie de novas funcionalidades muito pr\u00e1ticas que melhoram a tecnologia e enriquecem a sua experi\u00eancia, ao mesmo tempo que mant\u00e9m um chassis ultrafino e ultraleve. Poder\u00e1 descobrir um impressionante ecr\u00e3 16:10, um TouchPad mais amplo, uma maior bateria para passar mais &#8230;<a class=\"r_more_blog\" href=\"https:\/\/help-ka.ru\/market\/product\/lenovo-thinkpad-x1-carbon-gen-9-14-intel-processador-intel-core-i5-1135g7-de-11a-geracao-240-ghz-ate-420-ghz-windows-11-home-64-ssd-de-256-gb-m-2-2280-pcie-tlc-opal\/#more-3309\"><i class=\"fa fa-sign-in\"><\/i> read more<\/a><\/p>\n","protected":false},"featured_media":3308,"comment_status":"open","ping_status":"closed","template":"","meta":[],"product_cat":[15,133],"product_tag":[],"class_list":{"0":"post-3309","1":"product","2":"type-product","3":"status-publish","4":"has-post-thumbnail","6":"product_cat-misc","7":"product_cat-czifrovaya-tehnika","9":"first","10":"instock","11":"sale","12":"shipping-taxable","13":"product-type-external"},"yoast_head":"<!-- This site is optimized with the Yoast SEO Premium plugin v19.3 (Yoast SEO v20.7) - https:\/\/yoast.com\/wordpress\/plugins\/seo\/ -->\n<title>Lenovo ThinkPad X1 Carbon Gen 9 (14&quot; Intel) Processador Intel\u00ae Core\u2122 i5-1135G7 de 11\u00aa gera\u00e7\u00e3o (2,40 GHz at\u00e9 4,20 GHz)\/Windows 11 Home 64\/SSD de 256 GB M.2 2280 PCIe TLC Opal - Market<\/title>\n<meta name=\"robots\" content=\"index, follow, max-snippet:-1, max-image-preview:large, max-video-preview:-1\" \/>\n<link rel=\"canonical\" href=\"https:\/\/help-ka.ru\/market\/product\/lenovo-thinkpad-x1-carbon-gen-9-14-intel-processador-intel-core-i5-1135g7-de-11a-geracao-240-ghz-ate-420-ghz-windows-11-home-64-ssd-de-256-gb-m-2-2280-pcie-tlc-opal\/\" \/>\n<meta property=\"og:locale\" content=\"ru_RU\" \/>\n<meta property=\"og:type\" content=\"article\" \/>\n<meta property=\"og:title\" content=\"Lenovo ThinkPad X1 Carbon Gen 9 (14&quot; Intel) Processador Intel\u00ae Core\u2122 i5-1135G7 de 11\u00aa gera\u00e7\u00e3o (2,40 GHz at\u00e9 4,20 GHz)\/Windows 11 Home 64\/SSD de 256 GB M.2 2280 PCIe TLC Opal\" \/>\n<meta property=\"og:description\" content=\"O port\u00e1til ThinkPad X1 Carbon (9.\u00aa gera\u00e7\u00e3o) de 14&#8243; (35,56 cm) conta com uma s\u00e9rie de novas funcionalidades muito pr\u00e1ticas que melhoram a tecnologia e enriquecem a sua experi\u00eancia, ao mesmo tempo que mant\u00e9m um chassis ultrafino e ultraleve. Poder\u00e1 descobrir um impressionante ecr\u00e3 16:10, um TouchPad mais amplo, uma maior bateria para passar mais ... read more\" \/>\n<meta property=\"og:url\" content=\"https:\/\/help-ka.ru\/market\/product\/lenovo-thinkpad-x1-carbon-gen-9-14-intel-processador-intel-core-i5-1135g7-de-11a-geracao-240-ghz-ate-420-ghz-windows-11-home-64-ssd-de-256-gb-m-2-2280-pcie-tlc-opal\/\" \/>\n<meta property=\"og:site_name\" content=\"Market\" \/>\n<meta property=\"article:modified_time\" content=\"2022-09-04T08:43:14+00:00\" \/>\n<meta property=\"og:image\" content=\"https:\/\/help-ka.ru\/market\/wp-content\/uploads\/2022\/08\/lenovo-laptop-thinkpad-x1-carbon-gen-9-14-subseries-hero.png\" \/>\n\t<meta property=\"og:image:width\" content=\"725\" \/>\n\t<meta property=\"og:image:height\" content=\"515\" \/>\n\t<meta property=\"og:image:type\" content=\"image\/png\" \/>\n<meta name=\"twitter:card\" content=\"summary_large_image\" \/>\n<meta name=\"twitter:label1\" content=\"\u0426\u0435\u043d\u0430\" \/>\n\t<meta name=\"twitter:data1\" content=\"153,195.30&#8381;\" \/>\n\t<meta name=\"twitter:label2\" content=\"Availability\" \/>\n\t<meta name=\"twitter:data2\" content=\"In stock\" \/>\n<script type=\"application\/ld+json\" class=\"yoast-schema-graph\">{\"@context\":\"https:\/\/schema.org\",\"@graph\":[{\"@type\":\"WebPage\",\"@id\":\"https:\/\/help-ka.ru\/market\/product\/lenovo-thinkpad-x1-carbon-gen-9-14-intel-processador-intel-core-i5-1135g7-de-11a-geracao-240-ghz-ate-420-ghz-windows-11-home-64-ssd-de-256-gb-m-2-2280-pcie-tlc-opal\/\",\"url\":\"https:\/\/help-ka.ru\/market\/product\/lenovo-thinkpad-x1-carbon-gen-9-14-intel-processador-intel-core-i5-1135g7-de-11a-geracao-240-ghz-ate-420-ghz-windows-11-home-64-ssd-de-256-gb-m-2-2280-pcie-tlc-opal\/\",\"name\":\"Lenovo ThinkPad X1 Carbon Gen 9 (14\\\" Intel) Processador Intel\u00ae Core\u2122 i5-1135G7 de 11\u00aa gera\u00e7\u00e3o (2,40 GHz at\u00e9 4,20 GHz)\/Windows 11 Home 64\/SSD de 256 GB M.2 2280 PCIe TLC Opal - Market\",\"isPartOf\":{\"@id\":\"https:\/\/help-ka.ru\/market\/#website\"},\"datePublished\":\"2022-08-19T19:22:45+00:00\",\"dateModified\":\"2022-09-04T08:43:14+00:00\",\"breadcrumb\":{\"@id\":\"https:\/\/help-ka.ru\/market\/product\/lenovo-thinkpad-x1-carbon-gen-9-14-intel-processador-intel-core-i5-1135g7-de-11a-geracao-240-ghz-ate-420-ghz-windows-11-home-64-ssd-de-256-gb-m-2-2280-pcie-tlc-opal\/#breadcrumb\"},\"inLanguage\":\"ru-RU\",\"potentialAction\":[{\"@type\":\"ReadAction\",\"target\":[\"https:\/\/help-ka.ru\/market\/product\/lenovo-thinkpad-x1-carbon-gen-9-14-intel-processador-intel-core-i5-1135g7-de-11a-geracao-240-ghz-ate-420-ghz-windows-11-home-64-ssd-de-256-gb-m-2-2280-pcie-tlc-opal\/\"]}]},{\"@type\":\"BreadcrumbList\",\"@id\":\"https:\/\/help-ka.ru\/market\/product\/lenovo-thinkpad-x1-carbon-gen-9-14-intel-processador-intel-core-i5-1135g7-de-11a-geracao-240-ghz-ate-420-ghz-windows-11-home-64-ssd-de-256-gb-m-2-2280-pcie-tlc-opal\/#breadcrumb\",\"itemListElement\":[{\"@type\":\"ListItem\",\"position\":1,\"name\":\"\u0413\u043b\u0430\u0432\u043d\u0430\u044f \u0441\u0442\u0440\u0430\u043d\u0438\u0446\u0430\",\"item\":\"https:\/\/help-ka.ru\/market\/\"},{\"@type\":\"ListItem\",\"position\":2,\"name\":\"\u0412\u0438\u0442\u0440\u0438\u043d\u0430 \u043c\u0430\u0433\u0430\u0437\u0438\u043d\u0430\",\"item\":\"https:\/\/help-ka.ru\/market\/\"},{\"@type\":\"ListItem\",\"position\":3,\"name\":\"Lenovo ThinkPad X1 Carbon Gen 9 (14&#8243; Intel) Processador Intel\u00ae Core\u2122 i5-1135G7 de 11\u00aa gera\u00e7\u00e3o (2,40 GHz at\u00e9 4,20 GHz)\/Windows 11 Home 64\/SSD de 256 GB M.2 2280 PCIe TLC Opal\"}]},{\"@type\":\"WebSite\",\"@id\":\"https:\/\/help-ka.ru\/market\/#website\",\"url\":\"https:\/\/help-ka.ru\/market\/\",\"name\":\"Market\",\"description\":\"\u041c\u0430\u0440\u043a\u0435\u0442\u043f\u043b\u0435\u0439\u0441 \u043e\u0442 Help-ka.ru\",\"publisher\":{\"@id\":\"https:\/\/help-ka.ru\/market\/#organization\"},\"potentialAction\":[{\"@type\":\"SearchAction\",\"target\":{\"@type\":\"EntryPoint\",\"urlTemplate\":\"https:\/\/help-ka.ru\/market\/?s={search_term_string}\"},\"query-input\":\"required name=search_term_string\"}],\"inLanguage\":\"ru-RU\"},{\"@type\":[\"Organization\",\"Place\"],\"@id\":\"https:\/\/help-ka.ru\/market\/#organization\",\"name\":\"H-Market\",\"alternateName\":\"Help'ka - \u041c\u0430\u0440\u043a\u0435\u0442\",\"url\":\"https:\/\/help-ka.ru\/market\/\",\"logo\":{\"@id\":\"https:\/\/help-ka.ru\/market\/product\/lenovo-thinkpad-x1-carbon-gen-9-14-intel-processador-intel-core-i5-1135g7-de-11a-geracao-240-ghz-ate-420-ghz-windows-11-home-64-ssd-de-256-gb-m-2-2280-pcie-tlc-opal\/#local-main-organization-logo\"},\"image\":{\"@id\":\"https:\/\/help-ka.ru\/market\/product\/lenovo-thinkpad-x1-carbon-gen-9-14-intel-processador-intel-core-i5-1135g7-de-11a-geracao-240-ghz-ate-420-ghz-windows-11-home-64-ssd-de-256-gb-m-2-2280-pcie-tlc-opal\/#local-main-organization-logo\"},\"sameAs\":[\"https:\/\/ok.ru\/group\/57994361110723\",\"https:\/\/vk.com\/all_russian_portal_helpka\"],\"openingHoursSpecification\":[{\"@type\":\"OpeningHoursSpecification\",\"dayOfWeek\":[\"Monday\",\"Tuesday\",\"Wednesday\",\"Thursday\",\"Friday\",\"Saturday\",\"Sunday\"],\"opens\":\"09:00\",\"closes\":\"17:00\"}]},{\"@type\":\"ImageObject\",\"inLanguage\":\"ru-RU\",\"@id\":\"https:\/\/help-ka.ru\/market\/product\/lenovo-thinkpad-x1-carbon-gen-9-14-intel-processador-intel-core-i5-1135g7-de-11a-geracao-240-ghz-ate-420-ghz-windows-11-home-64-ssd-de-256-gb-m-2-2280-pcie-tlc-opal\/#local-main-organization-logo\",\"url\":\"https:\/\/help-ka.ru\/market\/wp-content\/uploads\/2022\/09\/h-market555.png\",\"contentUrl\":\"https:\/\/help-ka.ru\/market\/wp-content\/uploads\/2022\/09\/h-market555.png\",\"width\":154,\"height\":60,\"caption\":\"H-Market\"}]}<\/script>\n<meta property=\"product:price:amount\" content=\"153195.30\" \/>\n<meta property=\"product:price:currency\" content=\"RUB\" \/>\n<meta property=\"og:availability\" content=\"instock\" \/>\n<meta property=\"product:availability\" content=\"instock\" \/>\n<meta property=\"product:condition\" content=\"new\" \/>\n<!-- \/ Yoast SEO Premium plugin. -->","yoast_head_json":{"title":"Lenovo ThinkPad X1 Carbon Gen 9 (14\" Intel) Processador Intel\u00ae Core\u2122 i5-1135G7 de 11\u00aa gera\u00e7\u00e3o (2,40 GHz at\u00e9 4,20 GHz)\/Windows 11 Home 64\/SSD de 256 GB M.2 2280 PCIe TLC Opal - Market","robots":{"index":"index","follow":"follow","max-snippet":"max-snippet:-1","max-image-preview":"max-image-preview:large","max-video-preview":"max-video-preview:-1"},"canonical":"https:\/\/help-ka.ru\/market\/product\/lenovo-thinkpad-x1-carbon-gen-9-14-intel-processador-intel-core-i5-1135g7-de-11a-geracao-240-ghz-ate-420-ghz-windows-11-home-64-ssd-de-256-gb-m-2-2280-pcie-tlc-opal\/","og_locale":"ru_RU","og_type":"article","og_title":"Lenovo ThinkPad X1 Carbon Gen 9 (14\" Intel) Processador Intel\u00ae Core\u2122 i5-1135G7 de 11\u00aa gera\u00e7\u00e3o (2,40 GHz at\u00e9 4,20 GHz)\/Windows 11 Home 64\/SSD de 256 GB M.2 2280 PCIe TLC Opal","og_description":"O port\u00e1til ThinkPad X1 Carbon (9.\u00aa gera\u00e7\u00e3o) de 14&#8243; (35,56 cm) conta com uma s\u00e9rie de novas funcionalidades muito pr\u00e1ticas que melhoram a tecnologia e enriquecem a sua experi\u00eancia, ao mesmo tempo que mant\u00e9m um chassis ultrafino e ultraleve. Poder\u00e1 descobrir um impressionante ecr\u00e3 16:10, um TouchPad mais amplo, uma maior bateria para passar mais ... read more","og_url":"https:\/\/help-ka.ru\/market\/product\/lenovo-thinkpad-x1-carbon-gen-9-14-intel-processador-intel-core-i5-1135g7-de-11a-geracao-240-ghz-ate-420-ghz-windows-11-home-64-ssd-de-256-gb-m-2-2280-pcie-tlc-opal\/","og_site_name":"Market","article_modified_time":"2022-09-04T08:43:14+00:00","og_image":[{"width":725,"height":515,"url":"https:\/\/help-ka.ru\/market\/wp-content\/uploads\/2022\/08\/lenovo-laptop-thinkpad-x1-carbon-gen-9-14-subseries-hero.png","type":"image\/png"}],"twitter_card":"summary_large_image","twitter_misc":{"\u0426\u0435\u043d\u0430":"153,195.30&#8381;","Availability":"In stock"},"schema":{"@context":"https:\/\/schema.org","@graph":[{"@type":"WebPage","@id":"https:\/\/help-ka.ru\/market\/product\/lenovo-thinkpad-x1-carbon-gen-9-14-intel-processador-intel-core-i5-1135g7-de-11a-geracao-240-ghz-ate-420-ghz-windows-11-home-64-ssd-de-256-gb-m-2-2280-pcie-tlc-opal\/","url":"https:\/\/help-ka.ru\/market\/product\/lenovo-thinkpad-x1-carbon-gen-9-14-intel-processador-intel-core-i5-1135g7-de-11a-geracao-240-ghz-ate-420-ghz-windows-11-home-64-ssd-de-256-gb-m-2-2280-pcie-tlc-opal\/","name":"Lenovo ThinkPad X1 Carbon Gen 9 (14\" Intel) Processador Intel\u00ae Core\u2122 i5-1135G7 de 11\u00aa gera\u00e7\u00e3o (2,40 GHz at\u00e9 4,20 GHz)\/Windows 11 Home 64\/SSD de 256 GB M.2 2280 PCIe TLC Opal - Market","isPartOf":{"@id":"https:\/\/help-ka.ru\/market\/#website"},"datePublished":"2022-08-19T19:22:45+00:00","dateModified":"2022-09-04T08:43:14+00:00","breadcrumb":{"@id":"https:\/\/help-ka.ru\/market\/product\/lenovo-thinkpad-x1-carbon-gen-9-14-intel-processador-intel-core-i5-1135g7-de-11a-geracao-240-ghz-ate-420-ghz-windows-11-home-64-ssd-de-256-gb-m-2-2280-pcie-tlc-opal\/#breadcrumb"},"inLanguage":"ru-RU","potentialAction":[{"@type":"ReadAction","target":["https:\/\/help-ka.ru\/market\/product\/lenovo-thinkpad-x1-carbon-gen-9-14-intel-processador-intel-core-i5-1135g7-de-11a-geracao-240-ghz-ate-420-ghz-windows-11-home-64-ssd-de-256-gb-m-2-2280-pcie-tlc-opal\/"]}]},{"@type":"BreadcrumbList","@id":"https:\/\/help-ka.ru\/market\/product\/lenovo-thinkpad-x1-carbon-gen-9-14-intel-processador-intel-core-i5-1135g7-de-11a-geracao-240-ghz-ate-420-ghz-windows-11-home-64-ssd-de-256-gb-m-2-2280-pcie-tlc-opal\/#breadcrumb","itemListElement":[{"@type":"ListItem","position":1,"name":"\u0413\u043b\u0430\u0432\u043d\u0430\u044f \u0441\u0442\u0440\u0430\u043d\u0438\u0446\u0430","item":"https:\/\/help-ka.ru\/market\/"},{"@type":"ListItem","position":2,"name":"\u0412\u0438\u0442\u0440\u0438\u043d\u0430 \u043c\u0430\u0433\u0430\u0437\u0438\u043d\u0430","item":"https:\/\/help-ka.ru\/market\/"},{"@type":"ListItem","position":3,"name":"Lenovo ThinkPad X1 Carbon Gen 9 (14&#8243; Intel) Processador Intel\u00ae Core\u2122 i5-1135G7 de 11\u00aa gera\u00e7\u00e3o (2,40 GHz at\u00e9 4,20 GHz)\/Windows 11 Home 64\/SSD de 256 GB M.2 2280 PCIe TLC Opal"}]},{"@type":"WebSite","@id":"https:\/\/help-ka.ru\/market\/#website","url":"https:\/\/help-ka.ru\/market\/","name":"Market","description":"\u041c\u0430\u0440\u043a\u0435\u0442\u043f\u043b\u0435\u0439\u0441 \u043e\u0442 Help-ka.ru","publisher":{"@id":"https:\/\/help-ka.ru\/market\/#organization"},"potentialAction":[{"@type":"SearchAction","target":{"@type":"EntryPoint","urlTemplate":"https:\/\/help-ka.ru\/market\/?s={search_term_string}"},"query-input":"required name=search_term_string"}],"inLanguage":"ru-RU"},{"@type":["Organization","Place"],"@id":"https:\/\/help-ka.ru\/market\/#organization","name":"H-Market","alternateName":"Help'ka - \u041c\u0430\u0440\u043a\u0435\u0442","url":"https:\/\/help-ka.ru\/market\/","logo":{"@id":"https:\/\/help-ka.ru\/market\/product\/lenovo-thinkpad-x1-carbon-gen-9-14-intel-processador-intel-core-i5-1135g7-de-11a-geracao-240-ghz-ate-420-ghz-windows-11-home-64-ssd-de-256-gb-m-2-2280-pcie-tlc-opal\/#local-main-organization-logo"},"image":{"@id":"https:\/\/help-ka.ru\/market\/product\/lenovo-thinkpad-x1-carbon-gen-9-14-intel-processador-intel-core-i5-1135g7-de-11a-geracao-240-ghz-ate-420-ghz-windows-11-home-64-ssd-de-256-gb-m-2-2280-pcie-tlc-opal\/#local-main-organization-logo"},"sameAs":["https:\/\/ok.ru\/group\/57994361110723","https:\/\/vk.com\/all_russian_portal_helpka"],"openingHoursSpecification":[{"@type":"OpeningHoursSpecification","dayOfWeek":["Monday","Tuesday","Wednesday","Thursday","Friday","Saturday","Sunday"],"opens":"09:00","closes":"17:00"}]},{"@type":"ImageObject","inLanguage":"ru-RU","@id":"https:\/\/help-ka.ru\/market\/product\/lenovo-thinkpad-x1-carbon-gen-9-14-intel-processador-intel-core-i5-1135g7-de-11a-geracao-240-ghz-ate-420-ghz-windows-11-home-64-ssd-de-256-gb-m-2-2280-pcie-tlc-opal\/#local-main-organization-logo","url":"https:\/\/help-ka.ru\/market\/wp-content\/uploads\/2022\/09\/h-market555.png","contentUrl":"https:\/\/help-ka.ru\/market\/wp-content\/uploads\/2022\/09\/h-market555.png","width":154,"height":60,"caption":"H-Market"}]},"product_price_amount":"153195.30","product_price_currency":"RUB","og_availability":"instock","product_availability":"instock","product_condition":"new"},"_links":{"self":[{"href":"https:\/\/help-ka.ru\/market\/wp-json\/wp\/v2\/product\/3309","targetHints":{"allow":["GET"]}}],"collection":[{"href":"https:\/\/help-ka.ru\/market\/wp-json\/wp\/v2\/product"}],"about":[{"href":"https:\/\/help-ka.ru\/market\/wp-json\/wp\/v2\/types\/product"}],"replies":[{"embeddable":true,"href":"https:\/\/help-ka.ru\/market\/wp-json\/wp\/v2\/comments?post=3309"}],"wp:featuredmedia":[{"embeddable":true,"href":"https:\/\/help-ka.ru\/market\/wp-json\/wp\/v2\/media\/3308"}],"wp:attachment":[{"href":"https:\/\/help-ka.ru\/market\/wp-json\/wp\/v2\/media?parent=3309"}],"wp:term":[{"taxonomy":"product_cat","embeddable":true,"href":"https:\/\/help-ka.ru\/market\/wp-json\/wp\/v2\/product_cat?post=3309"},{"taxonomy":"product_tag","embeddable":true,"href":"https:\/\/help-ka.ru\/market\/wp-json\/wp\/v2\/product_tag?post=3309"}],"curies":[{"name":"wp","href":"https:\/\/api.w.org\/{rel}","templated":true}]}}