{"id":3293,"date":"2022-08-19T22:22:41","date_gmt":"2022-08-19T19:22:41","guid":{"rendered":"https:\/\/help-ka.ru\/market\/product\/lenovo-thinkpad-t16-gen-1-16-intel-processador-intel-core-i5-1235u-de-12a-geracao-nucleos-de-eficiencia-de-ate-330-ghz-nucleos-de-desempenho-de-ate-440-ghz-windows-11-home-64-ss\/"},"modified":"2022-09-04T11:43:14","modified_gmt":"2022-09-04T08:43:14","slug":"lenovo-thinkpad-t16-gen-1-16-intel-processador-intel-core-i5-1235u-de-12a-geracao-nucleos-de-eficiencia-de-ate-330-ghz-nucleos-de-desempenho-de-ate-440-ghz-windows-11-home-64-ss","status":"publish","type":"product","link":"https:\/\/help-ka.ru\/market\/product\/lenovo-thinkpad-t16-gen-1-16-intel-processador-intel-core-i5-1235u-de-12a-geracao-nucleos-de-eficiencia-de-ate-330-ghz-nucleos-de-desempenho-de-ate-440-ghz-windows-11-home-64-ss\/","title":{"rendered":"Lenovo ThinkPad T16 Gen 1 (16&#8243; Intel) Processador Intel\u00ae Core\u2122 i5-1235U de 12\u00aa gera\u00e7\u00e3o (n\u00facleos de efici\u00eancia de at\u00e9 3,30 GHz, n\u00facleos de desempenho de at\u00e9 4,40 GHz)\/Windows 11 Home 64\/SSD de 256 GB M.2 2280 PCIe TLC Opal"},"content":{"rendered":"<p>Potente port\u00e1til profissional Intel\u00ae vPro\u00ae de 40,64 cm (16&#8243;) com placa gr\u00e1fica discreta opcional NVIDIA\u00ae GeForce\u00ae Fabricado de forma sustent\u00e1vel com conte\u00fado p\u00f3s-consumidor reciclado e embalagem sustent\u00e1vel sem pl\u00e1stico Impressionante rela\u00e7\u00e3o ecr\u00e3\/corpo (at\u00e9 85%) e v\u00e1rias op\u00e7\u00f5es de ecr\u00e3 com formato 16:10 Funcionalidades de bem-estar digital integradas para ajudar a evitar a fadiga ocular e a m\u00e1 postura Mem\u00f3ria, armazenamento e conectividade ultrarr\u00e1pidos, incluindo 4G e WiFi 6E* opcional<\/p>\n","protected":false},"excerpt":{"rendered":"<p>Potente port\u00e1til profissional Intel\u00ae vPro\u00ae de 40,64 cm (16&#8243;) com placa gr\u00e1fica discreta opcional NVIDIA\u00ae GeForce\u00ae Fabricado de forma sustent\u00e1vel com conte\u00fado p\u00f3s-consumidor reciclado e embalagem sustent\u00e1vel sem pl\u00e1stico Impressionante rela\u00e7\u00e3o ecr\u00e3\/corpo (at\u00e9 85%) e v\u00e1rias op\u00e7\u00f5es de ecr\u00e3 com formato 16:10 Funcionalidades de bem-estar digital integradas para ajudar a evitar a fadiga ocular e &#8230;<a class=\"r_more_blog\" href=\"https:\/\/help-ka.ru\/market\/product\/lenovo-thinkpad-t16-gen-1-16-intel-processador-intel-core-i5-1235u-de-12a-geracao-nucleos-de-eficiencia-de-ate-330-ghz-nucleos-de-desempenho-de-ate-440-ghz-windows-11-home-64-ss\/#more-3293\"><i class=\"fa fa-sign-in\"><\/i> read more<\/a><\/p>\n","protected":false},"featured_media":0,"comment_status":"open","ping_status":"closed","template":"","meta":[],"product_cat":[15,133],"product_tag":[],"class_list":{"0":"post-3293","1":"product","2":"type-product","3":"status-publish","5":"product_cat-misc","6":"product_cat-czifrovaya-tehnika","8":"first","9":"instock","10":"sale","11":"shipping-taxable","12":"product-type-external"},"yoast_head":"<!-- This site is optimized with the Yoast SEO Premium plugin v19.3 (Yoast SEO v20.7) - https:\/\/yoast.com\/wordpress\/plugins\/seo\/ -->\n<title>Lenovo ThinkPad T16 Gen 1 (16&quot; Intel) Processador Intel\u00ae Core\u2122 i5-1235U de 12\u00aa gera\u00e7\u00e3o (n\u00facleos de efici\u00eancia de at\u00e9 3,30 GHz, n\u00facleos de desempenho de at\u00e9 4,40 GHz)\/Windows 11 Home 64\/SSD de 256 GB M.2 2280 PCIe TLC Opal - Market<\/title>\n<meta name=\"robots\" content=\"index, follow, max-snippet:-1, max-image-preview:large, max-video-preview:-1\" \/>\n<link rel=\"canonical\" href=\"https:\/\/help-ka.ru\/market\/product\/lenovo-thinkpad-t16-gen-1-16-intel-processador-intel-core-i5-1235u-de-12a-geracao-nucleos-de-eficiencia-de-ate-330-ghz-nucleos-de-desempenho-de-ate-440-ghz-windows-11-home-64-ss\/\" \/>\n<meta property=\"og:locale\" content=\"ru_RU\" \/>\n<meta property=\"og:type\" content=\"article\" \/>\n<meta property=\"og:title\" content=\"Lenovo ThinkPad T16 Gen 1 (16&quot; Intel) Processador Intel\u00ae Core\u2122 i5-1235U de 12\u00aa gera\u00e7\u00e3o (n\u00facleos de efici\u00eancia de at\u00e9 3,30 GHz, n\u00facleos de desempenho de at\u00e9 4,40 GHz)\/Windows 11 Home 64\/SSD de 256 GB M.2 2280 PCIe TLC Opal\" \/>\n<meta property=\"og:description\" content=\"Potente port\u00e1til profissional Intel\u00ae vPro\u00ae de 40,64 cm (16&#8243;) com placa gr\u00e1fica discreta opcional NVIDIA\u00ae GeForce\u00ae Fabricado de forma sustent\u00e1vel com conte\u00fado p\u00f3s-consumidor reciclado e embalagem sustent\u00e1vel sem pl\u00e1stico Impressionante rela\u00e7\u00e3o ecr\u00e3\/corpo (at\u00e9 85%) e v\u00e1rias op\u00e7\u00f5es de ecr\u00e3 com formato 16:10 Funcionalidades de bem-estar digital integradas para ajudar a evitar a fadiga ocular e ... read more\" \/>\n<meta property=\"og:url\" content=\"https:\/\/help-ka.ru\/market\/product\/lenovo-thinkpad-t16-gen-1-16-intel-processador-intel-core-i5-1235u-de-12a-geracao-nucleos-de-eficiencia-de-ate-330-ghz-nucleos-de-desempenho-de-ate-440-ghz-windows-11-home-64-ss\/\" \/>\n<meta property=\"og:site_name\" content=\"Market\" \/>\n<meta property=\"article:modified_time\" content=\"2022-09-04T08:43:14+00:00\" \/>\n<meta name=\"twitter:card\" content=\"summary_large_image\" \/>\n<meta name=\"twitter:label1\" content=\"\u0426\u0435\u043d\u0430\" \/>\n\t<meta name=\"twitter:data1\" content=\"131,893.51&#8381;\" \/>\n\t<meta name=\"twitter:label2\" content=\"Availability\" \/>\n\t<meta name=\"twitter:data2\" content=\"In stock\" \/>\n<script type=\"application\/ld+json\" class=\"yoast-schema-graph\">{\"@context\":\"https:\/\/schema.org\",\"@graph\":[{\"@type\":\"WebPage\",\"@id\":\"https:\/\/help-ka.ru\/market\/product\/lenovo-thinkpad-t16-gen-1-16-intel-processador-intel-core-i5-1235u-de-12a-geracao-nucleos-de-eficiencia-de-ate-330-ghz-nucleos-de-desempenho-de-ate-440-ghz-windows-11-home-64-ss\/\",\"url\":\"https:\/\/help-ka.ru\/market\/product\/lenovo-thinkpad-t16-gen-1-16-intel-processador-intel-core-i5-1235u-de-12a-geracao-nucleos-de-eficiencia-de-ate-330-ghz-nucleos-de-desempenho-de-ate-440-ghz-windows-11-home-64-ss\/\",\"name\":\"Lenovo ThinkPad T16 Gen 1 (16\\\" Intel) Processador Intel\u00ae Core\u2122 i5-1235U de 12\u00aa gera\u00e7\u00e3o (n\u00facleos de efici\u00eancia de at\u00e9 3,30 GHz, n\u00facleos de desempenho de at\u00e9 4,40 GHz)\/Windows 11 Home 64\/SSD de 256 GB M.2 2280 PCIe TLC Opal - Market\",\"isPartOf\":{\"@id\":\"https:\/\/help-ka.ru\/market\/#website\"},\"datePublished\":\"2022-08-19T19:22:41+00:00\",\"dateModified\":\"2022-09-04T08:43:14+00:00\",\"breadcrumb\":{\"@id\":\"https:\/\/help-ka.ru\/market\/product\/lenovo-thinkpad-t16-gen-1-16-intel-processador-intel-core-i5-1235u-de-12a-geracao-nucleos-de-eficiencia-de-ate-330-ghz-nucleos-de-desempenho-de-ate-440-ghz-windows-11-home-64-ss\/#breadcrumb\"},\"inLanguage\":\"ru-RU\",\"potentialAction\":[{\"@type\":\"ReadAction\",\"target\":[\"https:\/\/help-ka.ru\/market\/product\/lenovo-thinkpad-t16-gen-1-16-intel-processador-intel-core-i5-1235u-de-12a-geracao-nucleos-de-eficiencia-de-ate-330-ghz-nucleos-de-desempenho-de-ate-440-ghz-windows-11-home-64-ss\/\"]}]},{\"@type\":\"BreadcrumbList\",\"@id\":\"https:\/\/help-ka.ru\/market\/product\/lenovo-thinkpad-t16-gen-1-16-intel-processador-intel-core-i5-1235u-de-12a-geracao-nucleos-de-eficiencia-de-ate-330-ghz-nucleos-de-desempenho-de-ate-440-ghz-windows-11-home-64-ss\/#breadcrumb\",\"itemListElement\":[{\"@type\":\"ListItem\",\"position\":1,\"name\":\"\u0413\u043b\u0430\u0432\u043d\u0430\u044f \u0441\u0442\u0440\u0430\u043d\u0438\u0446\u0430\",\"item\":\"https:\/\/help-ka.ru\/market\/\"},{\"@type\":\"ListItem\",\"position\":2,\"name\":\"\u0412\u0438\u0442\u0440\u0438\u043d\u0430 \u043c\u0430\u0433\u0430\u0437\u0438\u043d\u0430\",\"item\":\"https:\/\/help-ka.ru\/market\/\"},{\"@type\":\"ListItem\",\"position\":3,\"name\":\"Lenovo ThinkPad T16 Gen 1 (16&#8243; Intel) Processador Intel\u00ae Core\u2122 i5-1235U de 12\u00aa gera\u00e7\u00e3o (n\u00facleos de efici\u00eancia de at\u00e9 3,30 GHz, n\u00facleos de desempenho de at\u00e9 4,40 GHz)\/Windows 11 Home 64\/SSD de 256 GB M.2 2280 PCIe TLC Opal\"}]},{\"@type\":\"WebSite\",\"@id\":\"https:\/\/help-ka.ru\/market\/#website\",\"url\":\"https:\/\/help-ka.ru\/market\/\",\"name\":\"Market\",\"description\":\"\u041c\u0430\u0440\u043a\u0435\u0442\u043f\u043b\u0435\u0439\u0441 \u043e\u0442 Help-ka.ru\",\"publisher\":{\"@id\":\"https:\/\/help-ka.ru\/market\/#organization\"},\"potentialAction\":[{\"@type\":\"SearchAction\",\"target\":{\"@type\":\"EntryPoint\",\"urlTemplate\":\"https:\/\/help-ka.ru\/market\/?s={search_term_string}\"},\"query-input\":\"required name=search_term_string\"}],\"inLanguage\":\"ru-RU\"},{\"@type\":[\"Organization\",\"Place\"],\"@id\":\"https:\/\/help-ka.ru\/market\/#organization\",\"name\":\"H-Market\",\"alternateName\":\"Help'ka - \u041c\u0430\u0440\u043a\u0435\u0442\",\"url\":\"https:\/\/help-ka.ru\/market\/\",\"logo\":{\"@id\":\"https:\/\/help-ka.ru\/market\/product\/lenovo-thinkpad-t16-gen-1-16-intel-processador-intel-core-i5-1235u-de-12a-geracao-nucleos-de-eficiencia-de-ate-330-ghz-nucleos-de-desempenho-de-ate-440-ghz-windows-11-home-64-ss\/#local-main-organization-logo\"},\"image\":{\"@id\":\"https:\/\/help-ka.ru\/market\/product\/lenovo-thinkpad-t16-gen-1-16-intel-processador-intel-core-i5-1235u-de-12a-geracao-nucleos-de-eficiencia-de-ate-330-ghz-nucleos-de-desempenho-de-ate-440-ghz-windows-11-home-64-ss\/#local-main-organization-logo\"},\"sameAs\":[\"https:\/\/ok.ru\/group\/57994361110723\",\"https:\/\/vk.com\/all_russian_portal_helpka\"],\"openingHoursSpecification\":[{\"@type\":\"OpeningHoursSpecification\",\"dayOfWeek\":[\"Monday\",\"Tuesday\",\"Wednesday\",\"Thursday\",\"Friday\",\"Saturday\",\"Sunday\"],\"opens\":\"09:00\",\"closes\":\"17:00\"}]},{\"@type\":\"ImageObject\",\"inLanguage\":\"ru-RU\",\"@id\":\"https:\/\/help-ka.ru\/market\/product\/lenovo-thinkpad-t16-gen-1-16-intel-processador-intel-core-i5-1235u-de-12a-geracao-nucleos-de-eficiencia-de-ate-330-ghz-nucleos-de-desempenho-de-ate-440-ghz-windows-11-home-64-ss\/#local-main-organization-logo\",\"url\":\"https:\/\/help-ka.ru\/market\/wp-content\/uploads\/2022\/09\/h-market555.png\",\"contentUrl\":\"https:\/\/help-ka.ru\/market\/wp-content\/uploads\/2022\/09\/h-market555.png\",\"width\":154,\"height\":60,\"caption\":\"H-Market\"}]}<\/script>\n<meta property=\"product:price:amount\" content=\"131893.51\" \/>\n<meta property=\"product:price:currency\" content=\"RUB\" \/>\n<meta property=\"og:availability\" content=\"instock\" \/>\n<meta property=\"product:availability\" content=\"instock\" \/>\n<meta property=\"product:condition\" content=\"new\" \/>\n<!-- \/ Yoast SEO Premium plugin. -->","yoast_head_json":{"title":"Lenovo ThinkPad T16 Gen 1 (16\" Intel) Processador Intel\u00ae Core\u2122 i5-1235U de 12\u00aa gera\u00e7\u00e3o (n\u00facleos de efici\u00eancia de at\u00e9 3,30 GHz, n\u00facleos de desempenho de at\u00e9 4,40 GHz)\/Windows 11 Home 64\/SSD de 256 GB M.2 2280 PCIe TLC Opal - Market","robots":{"index":"index","follow":"follow","max-snippet":"max-snippet:-1","max-image-preview":"max-image-preview:large","max-video-preview":"max-video-preview:-1"},"canonical":"https:\/\/help-ka.ru\/market\/product\/lenovo-thinkpad-t16-gen-1-16-intel-processador-intel-core-i5-1235u-de-12a-geracao-nucleos-de-eficiencia-de-ate-330-ghz-nucleos-de-desempenho-de-ate-440-ghz-windows-11-home-64-ss\/","og_locale":"ru_RU","og_type":"article","og_title":"Lenovo ThinkPad T16 Gen 1 (16\" Intel) Processador Intel\u00ae Core\u2122 i5-1235U de 12\u00aa gera\u00e7\u00e3o (n\u00facleos de efici\u00eancia de at\u00e9 3,30 GHz, n\u00facleos de desempenho de at\u00e9 4,40 GHz)\/Windows 11 Home 64\/SSD de 256 GB M.2 2280 PCIe TLC Opal","og_description":"Potente port\u00e1til profissional Intel\u00ae vPro\u00ae de 40,64 cm (16&#8243;) com placa gr\u00e1fica discreta opcional NVIDIA\u00ae GeForce\u00ae Fabricado de forma sustent\u00e1vel com conte\u00fado p\u00f3s-consumidor reciclado e embalagem sustent\u00e1vel sem pl\u00e1stico Impressionante rela\u00e7\u00e3o ecr\u00e3\/corpo (at\u00e9 85%) e v\u00e1rias op\u00e7\u00f5es de ecr\u00e3 com formato 16:10 Funcionalidades de bem-estar digital integradas para ajudar a evitar a fadiga ocular e ... read more","og_url":"https:\/\/help-ka.ru\/market\/product\/lenovo-thinkpad-t16-gen-1-16-intel-processador-intel-core-i5-1235u-de-12a-geracao-nucleos-de-eficiencia-de-ate-330-ghz-nucleos-de-desempenho-de-ate-440-ghz-windows-11-home-64-ss\/","og_site_name":"Market","article_modified_time":"2022-09-04T08:43:14+00:00","twitter_card":"summary_large_image","twitter_misc":{"\u0426\u0435\u043d\u0430":"131,893.51&#8381;","Availability":"In stock"},"schema":{"@context":"https:\/\/schema.org","@graph":[{"@type":"WebPage","@id":"https:\/\/help-ka.ru\/market\/product\/lenovo-thinkpad-t16-gen-1-16-intel-processador-intel-core-i5-1235u-de-12a-geracao-nucleos-de-eficiencia-de-ate-330-ghz-nucleos-de-desempenho-de-ate-440-ghz-windows-11-home-64-ss\/","url":"https:\/\/help-ka.ru\/market\/product\/lenovo-thinkpad-t16-gen-1-16-intel-processador-intel-core-i5-1235u-de-12a-geracao-nucleos-de-eficiencia-de-ate-330-ghz-nucleos-de-desempenho-de-ate-440-ghz-windows-11-home-64-ss\/","name":"Lenovo ThinkPad T16 Gen 1 (16\" Intel) Processador Intel\u00ae Core\u2122 i5-1235U de 12\u00aa gera\u00e7\u00e3o (n\u00facleos de efici\u00eancia de at\u00e9 3,30 GHz, n\u00facleos de desempenho de at\u00e9 4,40 GHz)\/Windows 11 Home 64\/SSD de 256 GB M.2 2280 PCIe TLC Opal - Market","isPartOf":{"@id":"https:\/\/help-ka.ru\/market\/#website"},"datePublished":"2022-08-19T19:22:41+00:00","dateModified":"2022-09-04T08:43:14+00:00","breadcrumb":{"@id":"https:\/\/help-ka.ru\/market\/product\/lenovo-thinkpad-t16-gen-1-16-intel-processador-intel-core-i5-1235u-de-12a-geracao-nucleos-de-eficiencia-de-ate-330-ghz-nucleos-de-desempenho-de-ate-440-ghz-windows-11-home-64-ss\/#breadcrumb"},"inLanguage":"ru-RU","potentialAction":[{"@type":"ReadAction","target":["https:\/\/help-ka.ru\/market\/product\/lenovo-thinkpad-t16-gen-1-16-intel-processador-intel-core-i5-1235u-de-12a-geracao-nucleos-de-eficiencia-de-ate-330-ghz-nucleos-de-desempenho-de-ate-440-ghz-windows-11-home-64-ss\/"]}]},{"@type":"BreadcrumbList","@id":"https:\/\/help-ka.ru\/market\/product\/lenovo-thinkpad-t16-gen-1-16-intel-processador-intel-core-i5-1235u-de-12a-geracao-nucleos-de-eficiencia-de-ate-330-ghz-nucleos-de-desempenho-de-ate-440-ghz-windows-11-home-64-ss\/#breadcrumb","itemListElement":[{"@type":"ListItem","position":1,"name":"\u0413\u043b\u0430\u0432\u043d\u0430\u044f \u0441\u0442\u0440\u0430\u043d\u0438\u0446\u0430","item":"https:\/\/help-ka.ru\/market\/"},{"@type":"ListItem","position":2,"name":"\u0412\u0438\u0442\u0440\u0438\u043d\u0430 \u043c\u0430\u0433\u0430\u0437\u0438\u043d\u0430","item":"https:\/\/help-ka.ru\/market\/"},{"@type":"ListItem","position":3,"name":"Lenovo ThinkPad T16 Gen 1 (16&#8243; Intel) Processador Intel\u00ae Core\u2122 i5-1235U de 12\u00aa gera\u00e7\u00e3o (n\u00facleos de efici\u00eancia de at\u00e9 3,30 GHz, n\u00facleos de desempenho de at\u00e9 4,40 GHz)\/Windows 11 Home 64\/SSD de 256 GB M.2 2280 PCIe TLC Opal"}]},{"@type":"WebSite","@id":"https:\/\/help-ka.ru\/market\/#website","url":"https:\/\/help-ka.ru\/market\/","name":"Market","description":"\u041c\u0430\u0440\u043a\u0435\u0442\u043f\u043b\u0435\u0439\u0441 \u043e\u0442 Help-ka.ru","publisher":{"@id":"https:\/\/help-ka.ru\/market\/#organization"},"potentialAction":[{"@type":"SearchAction","target":{"@type":"EntryPoint","urlTemplate":"https:\/\/help-ka.ru\/market\/?s={search_term_string}"},"query-input":"required name=search_term_string"}],"inLanguage":"ru-RU"},{"@type":["Organization","Place"],"@id":"https:\/\/help-ka.ru\/market\/#organization","name":"H-Market","alternateName":"Help'ka - \u041c\u0430\u0440\u043a\u0435\u0442","url":"https:\/\/help-ka.ru\/market\/","logo":{"@id":"https:\/\/help-ka.ru\/market\/product\/lenovo-thinkpad-t16-gen-1-16-intel-processador-intel-core-i5-1235u-de-12a-geracao-nucleos-de-eficiencia-de-ate-330-ghz-nucleos-de-desempenho-de-ate-440-ghz-windows-11-home-64-ss\/#local-main-organization-logo"},"image":{"@id":"https:\/\/help-ka.ru\/market\/product\/lenovo-thinkpad-t16-gen-1-16-intel-processador-intel-core-i5-1235u-de-12a-geracao-nucleos-de-eficiencia-de-ate-330-ghz-nucleos-de-desempenho-de-ate-440-ghz-windows-11-home-64-ss\/#local-main-organization-logo"},"sameAs":["https:\/\/ok.ru\/group\/57994361110723","https:\/\/vk.com\/all_russian_portal_helpka"],"openingHoursSpecification":[{"@type":"OpeningHoursSpecification","dayOfWeek":["Monday","Tuesday","Wednesday","Thursday","Friday","Saturday","Sunday"],"opens":"09:00","closes":"17:00"}]},{"@type":"ImageObject","inLanguage":"ru-RU","@id":"https:\/\/help-ka.ru\/market\/product\/lenovo-thinkpad-t16-gen-1-16-intel-processador-intel-core-i5-1235u-de-12a-geracao-nucleos-de-eficiencia-de-ate-330-ghz-nucleos-de-desempenho-de-ate-440-ghz-windows-11-home-64-ss\/#local-main-organization-logo","url":"https:\/\/help-ka.ru\/market\/wp-content\/uploads\/2022\/09\/h-market555.png","contentUrl":"https:\/\/help-ka.ru\/market\/wp-content\/uploads\/2022\/09\/h-market555.png","width":154,"height":60,"caption":"H-Market"}]},"product_price_amount":"131893.51","product_price_currency":"RUB","og_availability":"instock","product_availability":"instock","product_condition":"new"},"_links":{"self":[{"href":"https:\/\/help-ka.ru\/market\/wp-json\/wp\/v2\/product\/3293","targetHints":{"allow":["GET"]}}],"collection":[{"href":"https:\/\/help-ka.ru\/market\/wp-json\/wp\/v2\/product"}],"about":[{"href":"https:\/\/help-ka.ru\/market\/wp-json\/wp\/v2\/types\/product"}],"replies":[{"embeddable":true,"href":"https:\/\/help-ka.ru\/market\/wp-json\/wp\/v2\/comments?post=3293"}],"wp:attachment":[{"href":"https:\/\/help-ka.ru\/market\/wp-json\/wp\/v2\/media?parent=3293"}],"wp:term":[{"taxonomy":"product_cat","embeddable":true,"href":"https:\/\/help-ka.ru\/market\/wp-json\/wp\/v2\/product_cat?post=3293"},{"taxonomy":"product_tag","embeddable":true,"href":"https:\/\/help-ka.ru\/market\/wp-json\/wp\/v2\/product_tag?post=3293"}],"curies":[{"name":"wp","href":"https:\/\/api.w.org\/{rel}","templated":true}]}}