{"id":3284,"date":"2022-08-19T22:22:38","date_gmt":"2022-08-19T19:22:38","guid":{"rendered":"https:\/\/help-ka.ru\/market\/product\/lenovo-thinkpad-e14-gen-3-14-amd-processador-amd-ryzen-7-5700u-180-ghz-ate-430-ghz-windows-11-pro-64-512-gb-ssd-m-2-2242-pcie-tlc\/"},"modified":"2022-09-04T11:43:13","modified_gmt":"2022-09-04T08:43:13","slug":"lenovo-thinkpad-e14-gen-3-14-amd-processador-amd-ryzen-7-5700u-180-ghz-ate-430-ghz-windows-11-pro-64-512-gb-ssd-m-2-2242-pcie-tlc","status":"publish","type":"product","link":"https:\/\/help-ka.ru\/market\/product\/lenovo-thinkpad-e14-gen-3-14-amd-processador-amd-ryzen-7-5700u-180-ghz-ate-430-ghz-windows-11-pro-64-512-gb-ssd-m-2-2242-pcie-tlc\/","title":{"rendered":"Lenovo ThinkPad E14 Gen 3 (14&#8243; AMD) Processador AMD Ryzen\u2122 7 5700U (1,80 GHz at\u00e9 4,30 GHz)\/Windows 11 Pro 64\/512 GB SSD M.2 2242 PCIe TLC"},"content":{"rendered":"<p>Concebido especificamente para as empresas e equipado com um processador AMD Ryzen\u2122, o ThinkPad E14 Gen 3 (14&#8243; AMD) \u00e9 ideal para os profissionais em movimento. Oferece uma combina\u00e7\u00e3o que se destaca por um design minimalista e acentuado, uma durabilidade conferida pelas normas de especifica\u00e7\u00e3o militar (MIL-SPEC) e seguran\u00e7a a toda a prova. O ecr\u00e3 Full HD de 35,56 cm (14&#8243;) e o Harman Audio avan\u00e7ado proporcionam uma grande nitidez de som e v\u00eddeo, seja numa chamada de confer\u00eancia, a falar com a fam\u00edlia online ou enquanto relaxa enquanto v\u00ea um v\u00eddeo ap\u00f3s o trabalho.<\/p>\n","protected":false},"excerpt":{"rendered":"<p>Concebido especificamente para as empresas e equipado com um processador AMD Ryzen\u2122, o ThinkPad E14 Gen 3 (14&#8243; AMD) \u00e9 ideal para os profissionais em movimento. Oferece uma combina\u00e7\u00e3o que se destaca por um design minimalista e acentuado, uma durabilidade conferida pelas normas de especifica\u00e7\u00e3o militar (MIL-SPEC) e seguran\u00e7a a toda a prova. O ecr\u00e3 &#8230;<a class=\"r_more_blog\" href=\"https:\/\/help-ka.ru\/market\/product\/lenovo-thinkpad-e14-gen-3-14-amd-processador-amd-ryzen-7-5700u-180-ghz-ate-430-ghz-windows-11-pro-64-512-gb-ssd-m-2-2242-pcie-tlc\/#more-3284\"><i class=\"fa fa-sign-in\"><\/i> read more<\/a><\/p>\n","protected":false},"featured_media":0,"comment_status":"open","ping_status":"closed","template":"","meta":[],"product_cat":[15,133],"product_tag":[],"class_list":{"0":"post-3284","1":"product","2":"type-product","3":"status-publish","5":"product_cat-misc","6":"product_cat-czifrovaya-tehnika","8":"first","9":"instock","10":"sale","11":"shipping-taxable","12":"product-type-external"},"yoast_head":"<!-- This site is optimized with the Yoast SEO Premium plugin v19.3 (Yoast SEO v20.7) - https:\/\/yoast.com\/wordpress\/plugins\/seo\/ -->\n<title>Lenovo ThinkPad E14 Gen 3 (14&quot; AMD) Processador AMD Ryzen\u2122 7 5700U (1,80 GHz at\u00e9 4,30 GHz)\/Windows 11 Pro 64\/512 GB SSD M.2 2242 PCIe TLC - Market<\/title>\n<meta name=\"robots\" content=\"index, follow, max-snippet:-1, max-image-preview:large, max-video-preview:-1\" \/>\n<link rel=\"canonical\" href=\"https:\/\/help-ka.ru\/market\/product\/lenovo-thinkpad-e14-gen-3-14-amd-processador-amd-ryzen-7-5700u-180-ghz-ate-430-ghz-windows-11-pro-64-512-gb-ssd-m-2-2242-pcie-tlc\/\" \/>\n<meta property=\"og:locale\" content=\"ru_RU\" \/>\n<meta property=\"og:type\" content=\"article\" \/>\n<meta property=\"og:title\" content=\"Lenovo ThinkPad E14 Gen 3 (14&quot; AMD) Processador AMD Ryzen\u2122 7 5700U (1,80 GHz at\u00e9 4,30 GHz)\/Windows 11 Pro 64\/512 GB SSD M.2 2242 PCIe TLC\" \/>\n<meta property=\"og:description\" content=\"Concebido especificamente para as empresas e equipado com um processador AMD Ryzen\u2122, o ThinkPad E14 Gen 3 (14&#8243; AMD) \u00e9 ideal para os profissionais em movimento. Oferece uma combina\u00e7\u00e3o que se destaca por um design minimalista e acentuado, uma durabilidade conferida pelas normas de especifica\u00e7\u00e3o militar (MIL-SPEC) e seguran\u00e7a a toda a prova. O ecr\u00e3 ... read more\" \/>\n<meta property=\"og:url\" content=\"https:\/\/help-ka.ru\/market\/product\/lenovo-thinkpad-e14-gen-3-14-amd-processador-amd-ryzen-7-5700u-180-ghz-ate-430-ghz-windows-11-pro-64-512-gb-ssd-m-2-2242-pcie-tlc\/\" \/>\n<meta property=\"og:site_name\" content=\"Market\" \/>\n<meta property=\"article:modified_time\" content=\"2022-09-04T08:43:13+00:00\" \/>\n<meta name=\"twitter:card\" content=\"summary_large_image\" \/>\n<meta name=\"twitter:label1\" content=\"\u0426\u0435\u043d\u0430\" \/>\n\t<meta name=\"twitter:data1\" content=\"109,899.30&#8381;\" \/>\n\t<meta name=\"twitter:label2\" content=\"Availability\" \/>\n\t<meta name=\"twitter:data2\" content=\"In stock\" \/>\n<script type=\"application\/ld+json\" class=\"yoast-schema-graph\">{\"@context\":\"https:\/\/schema.org\",\"@graph\":[{\"@type\":\"WebPage\",\"@id\":\"https:\/\/help-ka.ru\/market\/product\/lenovo-thinkpad-e14-gen-3-14-amd-processador-amd-ryzen-7-5700u-180-ghz-ate-430-ghz-windows-11-pro-64-512-gb-ssd-m-2-2242-pcie-tlc\/\",\"url\":\"https:\/\/help-ka.ru\/market\/product\/lenovo-thinkpad-e14-gen-3-14-amd-processador-amd-ryzen-7-5700u-180-ghz-ate-430-ghz-windows-11-pro-64-512-gb-ssd-m-2-2242-pcie-tlc\/\",\"name\":\"Lenovo ThinkPad E14 Gen 3 (14\\\" AMD) Processador AMD Ryzen\u2122 7 5700U (1,80 GHz at\u00e9 4,30 GHz)\/Windows 11 Pro 64\/512 GB SSD M.2 2242 PCIe TLC - Market\",\"isPartOf\":{\"@id\":\"https:\/\/help-ka.ru\/market\/#website\"},\"datePublished\":\"2022-08-19T19:22:38+00:00\",\"dateModified\":\"2022-09-04T08:43:13+00:00\",\"breadcrumb\":{\"@id\":\"https:\/\/help-ka.ru\/market\/product\/lenovo-thinkpad-e14-gen-3-14-amd-processador-amd-ryzen-7-5700u-180-ghz-ate-430-ghz-windows-11-pro-64-512-gb-ssd-m-2-2242-pcie-tlc\/#breadcrumb\"},\"inLanguage\":\"ru-RU\",\"potentialAction\":[{\"@type\":\"ReadAction\",\"target\":[\"https:\/\/help-ka.ru\/market\/product\/lenovo-thinkpad-e14-gen-3-14-amd-processador-amd-ryzen-7-5700u-180-ghz-ate-430-ghz-windows-11-pro-64-512-gb-ssd-m-2-2242-pcie-tlc\/\"]}]},{\"@type\":\"BreadcrumbList\",\"@id\":\"https:\/\/help-ka.ru\/market\/product\/lenovo-thinkpad-e14-gen-3-14-amd-processador-amd-ryzen-7-5700u-180-ghz-ate-430-ghz-windows-11-pro-64-512-gb-ssd-m-2-2242-pcie-tlc\/#breadcrumb\",\"itemListElement\":[{\"@type\":\"ListItem\",\"position\":1,\"name\":\"\u0413\u043b\u0430\u0432\u043d\u0430\u044f \u0441\u0442\u0440\u0430\u043d\u0438\u0446\u0430\",\"item\":\"https:\/\/help-ka.ru\/market\/\"},{\"@type\":\"ListItem\",\"position\":2,\"name\":\"\u0412\u0438\u0442\u0440\u0438\u043d\u0430 \u043c\u0430\u0433\u0430\u0437\u0438\u043d\u0430\",\"item\":\"https:\/\/help-ka.ru\/market\/\"},{\"@type\":\"ListItem\",\"position\":3,\"name\":\"Lenovo ThinkPad E14 Gen 3 (14&#8243; AMD) Processador AMD Ryzen\u2122 7 5700U (1,80 GHz at\u00e9 4,30 GHz)\/Windows 11 Pro 64\/512 GB SSD M.2 2242 PCIe TLC\"}]},{\"@type\":\"WebSite\",\"@id\":\"https:\/\/help-ka.ru\/market\/#website\",\"url\":\"https:\/\/help-ka.ru\/market\/\",\"name\":\"Market\",\"description\":\"\u041c\u0430\u0440\u043a\u0435\u0442\u043f\u043b\u0435\u0439\u0441 \u043e\u0442 Help-ka.ru\",\"publisher\":{\"@id\":\"https:\/\/help-ka.ru\/market\/#organization\"},\"potentialAction\":[{\"@type\":\"SearchAction\",\"target\":{\"@type\":\"EntryPoint\",\"urlTemplate\":\"https:\/\/help-ka.ru\/market\/?s={search_term_string}\"},\"query-input\":\"required name=search_term_string\"}],\"inLanguage\":\"ru-RU\"},{\"@type\":[\"Organization\",\"Place\"],\"@id\":\"https:\/\/help-ka.ru\/market\/#organization\",\"name\":\"H-Market\",\"alternateName\":\"Help'ka - \u041c\u0430\u0440\u043a\u0435\u0442\",\"url\":\"https:\/\/help-ka.ru\/market\/\",\"logo\":{\"@id\":\"https:\/\/help-ka.ru\/market\/product\/lenovo-thinkpad-e14-gen-3-14-amd-processador-amd-ryzen-7-5700u-180-ghz-ate-430-ghz-windows-11-pro-64-512-gb-ssd-m-2-2242-pcie-tlc\/#local-main-organization-logo\"},\"image\":{\"@id\":\"https:\/\/help-ka.ru\/market\/product\/lenovo-thinkpad-e14-gen-3-14-amd-processador-amd-ryzen-7-5700u-180-ghz-ate-430-ghz-windows-11-pro-64-512-gb-ssd-m-2-2242-pcie-tlc\/#local-main-organization-logo\"},\"sameAs\":[\"https:\/\/ok.ru\/group\/57994361110723\",\"https:\/\/vk.com\/all_russian_portal_helpka\"],\"openingHoursSpecification\":[{\"@type\":\"OpeningHoursSpecification\",\"dayOfWeek\":[\"Monday\",\"Tuesday\",\"Wednesday\",\"Thursday\",\"Friday\",\"Saturday\",\"Sunday\"],\"opens\":\"09:00\",\"closes\":\"17:00\"}]},{\"@type\":\"ImageObject\",\"inLanguage\":\"ru-RU\",\"@id\":\"https:\/\/help-ka.ru\/market\/product\/lenovo-thinkpad-e14-gen-3-14-amd-processador-amd-ryzen-7-5700u-180-ghz-ate-430-ghz-windows-11-pro-64-512-gb-ssd-m-2-2242-pcie-tlc\/#local-main-organization-logo\",\"url\":\"https:\/\/help-ka.ru\/market\/wp-content\/uploads\/2022\/09\/h-market555.png\",\"contentUrl\":\"https:\/\/help-ka.ru\/market\/wp-content\/uploads\/2022\/09\/h-market555.png\",\"width\":154,\"height\":60,\"caption\":\"H-Market\"}]}<\/script>\n<meta property=\"product:price:amount\" content=\"109899.30\" \/>\n<meta property=\"product:price:currency\" content=\"RUB\" \/>\n<meta property=\"og:availability\" content=\"instock\" \/>\n<meta property=\"product:availability\" content=\"instock\" \/>\n<meta property=\"product:condition\" content=\"new\" \/>\n<!-- \/ Yoast SEO Premium plugin. -->","yoast_head_json":{"title":"Lenovo ThinkPad E14 Gen 3 (14\" AMD) Processador AMD Ryzen\u2122 7 5700U (1,80 GHz at\u00e9 4,30 GHz)\/Windows 11 Pro 64\/512 GB SSD M.2 2242 PCIe TLC - Market","robots":{"index":"index","follow":"follow","max-snippet":"max-snippet:-1","max-image-preview":"max-image-preview:large","max-video-preview":"max-video-preview:-1"},"canonical":"https:\/\/help-ka.ru\/market\/product\/lenovo-thinkpad-e14-gen-3-14-amd-processador-amd-ryzen-7-5700u-180-ghz-ate-430-ghz-windows-11-pro-64-512-gb-ssd-m-2-2242-pcie-tlc\/","og_locale":"ru_RU","og_type":"article","og_title":"Lenovo ThinkPad E14 Gen 3 (14\" AMD) Processador AMD Ryzen\u2122 7 5700U (1,80 GHz at\u00e9 4,30 GHz)\/Windows 11 Pro 64\/512 GB SSD M.2 2242 PCIe TLC","og_description":"Concebido especificamente para as empresas e equipado com um processador AMD Ryzen\u2122, o ThinkPad E14 Gen 3 (14&#8243; AMD) \u00e9 ideal para os profissionais em movimento. Oferece uma combina\u00e7\u00e3o que se destaca por um design minimalista e acentuado, uma durabilidade conferida pelas normas de especifica\u00e7\u00e3o militar (MIL-SPEC) e seguran\u00e7a a toda a prova. O ecr\u00e3 ... read more","og_url":"https:\/\/help-ka.ru\/market\/product\/lenovo-thinkpad-e14-gen-3-14-amd-processador-amd-ryzen-7-5700u-180-ghz-ate-430-ghz-windows-11-pro-64-512-gb-ssd-m-2-2242-pcie-tlc\/","og_site_name":"Market","article_modified_time":"2022-09-04T08:43:13+00:00","twitter_card":"summary_large_image","twitter_misc":{"\u0426\u0435\u043d\u0430":"109,899.30&#8381;","Availability":"In stock"},"schema":{"@context":"https:\/\/schema.org","@graph":[{"@type":"WebPage","@id":"https:\/\/help-ka.ru\/market\/product\/lenovo-thinkpad-e14-gen-3-14-amd-processador-amd-ryzen-7-5700u-180-ghz-ate-430-ghz-windows-11-pro-64-512-gb-ssd-m-2-2242-pcie-tlc\/","url":"https:\/\/help-ka.ru\/market\/product\/lenovo-thinkpad-e14-gen-3-14-amd-processador-amd-ryzen-7-5700u-180-ghz-ate-430-ghz-windows-11-pro-64-512-gb-ssd-m-2-2242-pcie-tlc\/","name":"Lenovo ThinkPad E14 Gen 3 (14\" AMD) Processador AMD Ryzen\u2122 7 5700U (1,80 GHz at\u00e9 4,30 GHz)\/Windows 11 Pro 64\/512 GB SSD M.2 2242 PCIe TLC - Market","isPartOf":{"@id":"https:\/\/help-ka.ru\/market\/#website"},"datePublished":"2022-08-19T19:22:38+00:00","dateModified":"2022-09-04T08:43:13+00:00","breadcrumb":{"@id":"https:\/\/help-ka.ru\/market\/product\/lenovo-thinkpad-e14-gen-3-14-amd-processador-amd-ryzen-7-5700u-180-ghz-ate-430-ghz-windows-11-pro-64-512-gb-ssd-m-2-2242-pcie-tlc\/#breadcrumb"},"inLanguage":"ru-RU","potentialAction":[{"@type":"ReadAction","target":["https:\/\/help-ka.ru\/market\/product\/lenovo-thinkpad-e14-gen-3-14-amd-processador-amd-ryzen-7-5700u-180-ghz-ate-430-ghz-windows-11-pro-64-512-gb-ssd-m-2-2242-pcie-tlc\/"]}]},{"@type":"BreadcrumbList","@id":"https:\/\/help-ka.ru\/market\/product\/lenovo-thinkpad-e14-gen-3-14-amd-processador-amd-ryzen-7-5700u-180-ghz-ate-430-ghz-windows-11-pro-64-512-gb-ssd-m-2-2242-pcie-tlc\/#breadcrumb","itemListElement":[{"@type":"ListItem","position":1,"name":"\u0413\u043b\u0430\u0432\u043d\u0430\u044f \u0441\u0442\u0440\u0430\u043d\u0438\u0446\u0430","item":"https:\/\/help-ka.ru\/market\/"},{"@type":"ListItem","position":2,"name":"\u0412\u0438\u0442\u0440\u0438\u043d\u0430 \u043c\u0430\u0433\u0430\u0437\u0438\u043d\u0430","item":"https:\/\/help-ka.ru\/market\/"},{"@type":"ListItem","position":3,"name":"Lenovo ThinkPad E14 Gen 3 (14&#8243; AMD) Processador AMD Ryzen\u2122 7 5700U (1,80 GHz at\u00e9 4,30 GHz)\/Windows 11 Pro 64\/512 GB SSD M.2 2242 PCIe TLC"}]},{"@type":"WebSite","@id":"https:\/\/help-ka.ru\/market\/#website","url":"https:\/\/help-ka.ru\/market\/","name":"Market","description":"\u041c\u0430\u0440\u043a\u0435\u0442\u043f\u043b\u0435\u0439\u0441 \u043e\u0442 Help-ka.ru","publisher":{"@id":"https:\/\/help-ka.ru\/market\/#organization"},"potentialAction":[{"@type":"SearchAction","target":{"@type":"EntryPoint","urlTemplate":"https:\/\/help-ka.ru\/market\/?s={search_term_string}"},"query-input":"required name=search_term_string"}],"inLanguage":"ru-RU"},{"@type":["Organization","Place"],"@id":"https:\/\/help-ka.ru\/market\/#organization","name":"H-Market","alternateName":"Help'ka - \u041c\u0430\u0440\u043a\u0435\u0442","url":"https:\/\/help-ka.ru\/market\/","logo":{"@id":"https:\/\/help-ka.ru\/market\/product\/lenovo-thinkpad-e14-gen-3-14-amd-processador-amd-ryzen-7-5700u-180-ghz-ate-430-ghz-windows-11-pro-64-512-gb-ssd-m-2-2242-pcie-tlc\/#local-main-organization-logo"},"image":{"@id":"https:\/\/help-ka.ru\/market\/product\/lenovo-thinkpad-e14-gen-3-14-amd-processador-amd-ryzen-7-5700u-180-ghz-ate-430-ghz-windows-11-pro-64-512-gb-ssd-m-2-2242-pcie-tlc\/#local-main-organization-logo"},"sameAs":["https:\/\/ok.ru\/group\/57994361110723","https:\/\/vk.com\/all_russian_portal_helpka"],"openingHoursSpecification":[{"@type":"OpeningHoursSpecification","dayOfWeek":["Monday","Tuesday","Wednesday","Thursday","Friday","Saturday","Sunday"],"opens":"09:00","closes":"17:00"}]},{"@type":"ImageObject","inLanguage":"ru-RU","@id":"https:\/\/help-ka.ru\/market\/product\/lenovo-thinkpad-e14-gen-3-14-amd-processador-amd-ryzen-7-5700u-180-ghz-ate-430-ghz-windows-11-pro-64-512-gb-ssd-m-2-2242-pcie-tlc\/#local-main-organization-logo","url":"https:\/\/help-ka.ru\/market\/wp-content\/uploads\/2022\/09\/h-market555.png","contentUrl":"https:\/\/help-ka.ru\/market\/wp-content\/uploads\/2022\/09\/h-market555.png","width":154,"height":60,"caption":"H-Market"}]},"product_price_amount":"109899.30","product_price_currency":"RUB","og_availability":"instock","product_availability":"instock","product_condition":"new"},"_links":{"self":[{"href":"https:\/\/help-ka.ru\/market\/wp-json\/wp\/v2\/product\/3284","targetHints":{"allow":["GET"]}}],"collection":[{"href":"https:\/\/help-ka.ru\/market\/wp-json\/wp\/v2\/product"}],"about":[{"href":"https:\/\/help-ka.ru\/market\/wp-json\/wp\/v2\/types\/product"}],"replies":[{"embeddable":true,"href":"https:\/\/help-ka.ru\/market\/wp-json\/wp\/v2\/comments?post=3284"}],"wp:attachment":[{"href":"https:\/\/help-ka.ru\/market\/wp-json\/wp\/v2\/media?parent=3284"}],"wp:term":[{"taxonomy":"product_cat","embeddable":true,"href":"https:\/\/help-ka.ru\/market\/wp-json\/wp\/v2\/product_cat?post=3284"},{"taxonomy":"product_tag","embeddable":true,"href":"https:\/\/help-ka.ru\/market\/wp-json\/wp\/v2\/product_tag?post=3284"}],"curies":[{"name":"wp","href":"https:\/\/api.w.org\/{rel}","templated":true}]}}